{"id":11847,"date":"2021-10-09T20:47:35","date_gmt":"2021-10-09T19:47:35","guid":{"rendered":"https:\/\/test.curves.eu\/contact\/"},"modified":"2021-10-15T21:49:47","modified_gmt":"2021-10-15T20:49:47","slug":"contact","status":"publish","type":"page","link":"https:\/\/test.curves.eu\/ch\/contact\/","title":{"rendered":"Contact"},"content":{"rendered":"\t\t<div data-elementor-type=\"wp-page\" data-elementor-id=\"11847\" class=\"elementor elementor-11847 elementor-27\" data-elementor-post-type=\"page\">\n\t\t\t\t\t\t<section data-dce-background-image-url=\"https:\/\/test.curves.eu\/wp-content\/uploads\/2021\/08\/curves-programme-1.jpg\" class=\"elementor-section elementor-top-section elementor-element elementor-element-12cba78 elementor-section-height-min-height elementor-section-boxed elementor-section-height-default elementor-section-items-middle\" data-id=\"12cba78\" data-element_type=\"section\" data-settings=\"{&quot;background_background&quot;:&quot;classic&quot;}\">\n\t\t\t\t\t\t\t<div class=\"elementor-background-overlay\"><\/div>\n\t\t\t\t\t\t\t<div class=\"elementor-container elementor-column-gap-default\">\n\t\t\t\t\t<div class=\"elementor-column elementor-col-100 elementor-top-column elementor-element elementor-element-11fb5a9\" data-id=\"11fb5a9\" data-element_type=\"column\">\n\t\t\t<div class=\"elementor-widget-wrap elementor-element-populated\">\n\t\t\t\t\t\t<section class=\"elementor-section elementor-inner-section elementor-element elementor-element-57beeaa elementor-section-boxed elementor-section-height-default elementor-section-height-default\" data-id=\"57beeaa\" data-element_type=\"section\">\n\t\t\t\t\t\t<div class=\"elementor-container elementor-column-gap-default\">\n\t\t\t\t\t<div class=\"elementor-column elementor-col-100 elementor-inner-column elementor-element elementor-element-49fbc01\" data-id=\"49fbc01\" data-element_type=\"column\">\n\t\t\t<div class=\"elementor-widget-wrap elementor-element-populated\">\n\t\t\t\t\t\t<div class=\"elementor-element elementor-element-de60280 elementor-widget elementor-widget-heading\" data-id=\"de60280\" data-element_type=\"widget\" data-widget_type=\"heading.default\">\n\t\t\t\t<div class=\"elementor-widget-container\">\n\t\t\t\t\t<h1 class=\"elementor-heading-title elementor-size-default\">Contact<\/h1>\t\t\t\t<\/div>\n\t\t\t\t<\/div>\n\t\t\t\t<div class=\"elementor-element elementor-element-2cf6c4c elementor-widget elementor-widget-heading\" data-id=\"2cf6c4c\" data-element_type=\"widget\" data-widget_type=\"heading.default\">\n\t\t\t\t<div class=\"elementor-widget-container\">\n\t\t\t\t\t<span class=\"elementor-heading-title elementor-size-default\">Nous aimons avoir de vos nouvelles, alors n'h\u00e9sitez pas \u00e0 prendre contact avec nous<\/span>\t\t\t\t<\/div>\n\t\t\t\t<\/div>\n\t\t\t\t\t<\/div>\n\t\t<\/div>\n\t\t\t\t\t<\/div>\n\t\t<\/section>\n\t\t\t\t\t<\/div>\n\t\t<\/div>\n\t\t\t\t\t<\/div>\n\t\t<\/section>\n\t\t\t\t<section class=\"elementor-section elementor-top-section elementor-element elementor-element-736e9b5 elementor-section-boxed elementor-section-height-default elementor-section-height-default\" data-id=\"736e9b5\" data-element_type=\"section\" data-settings=\"{&quot;background_background&quot;:&quot;classic&quot;}\">\n\t\t\t\t\t\t<div class=\"elementor-container elementor-column-gap-default\">\n\t\t\t\t\t<div class=\"elementor-column elementor-col-100 elementor-top-column elementor-element elementor-element-21a77c0\" data-id=\"21a77c0\" data-element_type=\"column\">\n\t\t\t<div class=\"elementor-widget-wrap elementor-element-populated\">\n\t\t\t\t\t\t<div class=\"elementor-element elementor-element-68710bd elementor-align-left elementor-widget elementor-widget-breadcrumbs\" data-id=\"68710bd\" data-element_type=\"widget\" data-widget_type=\"breadcrumbs.default\">\n\t\t\t\t<div class=\"elementor-widget-container\">\n\t\t\t\t\t<p id=\"breadcrumbs\"><span><span><a href=\"https:\/\/test.curves.eu\/ch\/\">Accueil<\/a><\/span><\/span><\/p>\t\t\t\t<\/div>\n\t\t\t\t<\/div>\n\t\t\t\t<section class=\"elementor-section elementor-inner-section elementor-element elementor-element-46946a2 elementor-section-boxed elementor-section-height-default elementor-section-height-default\" data-id=\"46946a2\" data-element_type=\"section\">\n\t\t\t\t\t\t<div class=\"elementor-container elementor-column-gap-default\">\n\t\t\t\t\t<div class=\"elementor-column elementor-col-50 elementor-inner-column elementor-element elementor-element-0f0096d\" data-id=\"0f0096d\" data-element_type=\"column\">\n\t\t\t<div class=\"elementor-widget-wrap elementor-element-populated\">\n\t\t\t\t\t\t<div class=\"elementor-element elementor-element-5e442ec elementor-widget elementor-widget-text-editor\" data-id=\"5e442ec\" data-element_type=\"widget\" data-widget_type=\"text-editor.default\">\n\t\t\t\t<div class=\"elementor-widget-container\">\n\t\t\t\t\t\t\t\t\t<p>Si vous \u00eates une adh\u00e9rente Curves, veuillez noter que tous les clubs Curves sont contr\u00f4l\u00e9s et exploit\u00e9s de fa\u00e7on ind\u00e9pendante. Toute question sp\u00e9cifique \u00e0 un club doit \u00eatre adress\u00e9e directement au propri\u00e9taire du club.<\/p>\n<p>Pour toute autre question, contactez-nous par mail \u00e0 l&#8217;adresse <a href=\"mailto:eumarketing@curves.eu\">eumarketing@curves.eu<\/a><\/p>\n<p><strong>Presse<\/strong><\/p>\n<p>Pour toute question li\u00e9e \u00e0 la presse, contactez-nous par mail \u00e0 l&#8217;adresse <a href=\"mailto:eumarketing@curves.eu\">eumarketing@curves.eu<\/a><\/p>\n<p><strong>Franchise \u00e0 vendre<\/strong><\/p>\n<p>Int\u00e9ress\u00e9 par une franchise \u00e0 vendre ? Contactez-nous par mail \u00e0 l&#8217;adresse <a href=\"mailto:infouk@curves.eu\">infofr@curves.eu<\/a><\/p>\n\t\t\t\t\t\t\t\t<\/div>\n\t\t\t\t<\/div>\n\t\t\t\t\t<\/div>\n\t\t<\/div>\n\t\t\t\t<div class=\"elementor-column elementor-col-50 elementor-inner-column elementor-element elementor-element-d6bdb55\" data-id=\"d6bdb55\" data-element_type=\"column\">\n\t\t\t<div class=\"elementor-widget-wrap elementor-element-populated\">\n\t\t\t\t\t\t<div class=\"elementor-element elementor-element-a99ffa9 dce_masking-none elementor-widget elementor-widget-image\" data-id=\"a99ffa9\" data-element_type=\"widget\" data-widget_type=\"image.default\">\n\t\t\t\t<div class=\"elementor-widget-container\">\n\t\t\t\t\t\t\t\t\t\t\t\t\t\t\t<img fetchpriority=\"high\" decoding=\"async\" width=\"800\" height=\"800\" src=\"https:\/\/test.curves.eu\/wp-content\/uploads\/2021\/09\/curves-circuit-fitness-top-image-1.jpg\" class=\"attachment-full size-full wp-image-3976\" alt=\"Curves circuit fitness top image\" srcset=\"https:\/\/test.curves.eu\/wp-content\/uploads\/2021\/09\/curves-circuit-fitness-top-image-1.jpg 800w, https:\/\/test.curves.eu\/wp-content\/uploads\/2021\/09\/curves-circuit-fitness-top-image-1-300x300.jpg 300w, https:\/\/test.curves.eu\/wp-content\/uploads\/2021\/09\/curves-circuit-fitness-top-image-1-150x150.jpg 150w, https:\/\/test.curves.eu\/wp-content\/uploads\/2021\/09\/curves-circuit-fitness-top-image-1-768x768.jpg 768w\" sizes=\"(max-width: 800px) 100vw, 800px\" \/>\t\t\t\t\t\t\t\t\t\t\t\t\t\t\t<\/div>\n\t\t\t\t<\/div>\n\t\t\t\t\t<\/div>\n\t\t<\/div>\n\t\t\t\t\t<\/div>\n\t\t<\/section>\n\t\t\t\t\t<\/div>\n\t\t<\/div>\n\t\t\t\t\t<\/div>\n\t\t<\/section>\n\t\t\t\t<\/div>\n\t\t","protected":false},"excerpt":{"rendered":"","protected":false},"author":1,"featured_media":0,"parent":0,"menu_order":0,"comment_status":"closed","ping_status":"closed","template":"page-templates\/template-pagebuilder-full-width.php","meta":{"neve_meta_sidebar":"full-width","neve_meta_container":"","neve_meta_enable_content_width":"on","neve_meta_content_width":100,"neve_meta_title_alignment":"","neve_meta_author_avatar":"","neve_post_elements_order":"","neve_meta_disable_header":"","neve_meta_disable_footer":"","neve_meta_disable_title":"","neve_meta_reading_time":"","footnotes":""},"class_list":["post-11847","page","type-page","status-publish","hentry"],"acf":[],"yoast_head":"<!-- This site is optimized with the Yoast SEO plugin v24.9 - https:\/\/yoast.com\/wordpress\/plugins\/seo\/ -->\n<title>Contact - Curves<\/title>\n<meta name=\"robots\" content=\"noindex, follow, max-snippet:-1, max-image-preview:large, max-video-preview:-1\" \/>\n<meta property=\"og:locale\" content=\"fr_FR\" \/>\n<meta property=\"og:type\" content=\"article\" \/>\n<meta property=\"og:title\" content=\"Contact - Curves\" \/>\n<meta property=\"og:url\" content=\"https:\/\/test.curves.eu\/ch\/contact\/\" \/>\n<meta property=\"og:site_name\" content=\"Curves\" \/>\n<meta property=\"article:modified_time\" content=\"2021-10-15T20:49:47+00:00\" \/>\n<meta property=\"og:image\" content=\"https:\/\/test.curves.eu\/wp-content\/uploads\/2021\/09\/curves-circuit-fitness-top-image-1.jpg\" \/>\n<meta name=\"twitter:card\" content=\"summary_large_image\" \/>\n<script type=\"application\/ld+json\" class=\"yoast-schema-graph\">{\"@context\":\"https:\/\/schema.org\",\"@graph\":[{\"@type\":\"WebPage\",\"@id\":\"https:\/\/test.curves.eu\/ch\/contact\/\",\"url\":\"https:\/\/test.curves.eu\/ch\/contact\/\",\"name\":\"Contact - Curves\",\"isPartOf\":{\"@id\":\"https:\/\/test.curves.eu\/ch\/#website\"},\"primaryImageOfPage\":{\"@id\":\"https:\/\/test.curves.eu\/ch\/contact\/#primaryimage\"},\"image\":{\"@id\":\"https:\/\/test.curves.eu\/ch\/contact\/#primaryimage\"},\"thumbnailUrl\":\"https:\/\/test.curves.eu\/wp-content\/uploads\/2021\/09\/curves-circuit-fitness-top-image-1.jpg\",\"datePublished\":\"2021-10-09T19:47:35+00:00\",\"dateModified\":\"2021-10-15T20:49:47+00:00\",\"breadcrumb\":{\"@id\":\"https:\/\/test.curves.eu\/ch\/contact\/#breadcrumb\"},\"inLanguage\":\"fr-CH\",\"potentialAction\":[{\"@type\":\"ReadAction\",\"target\":[\"https:\/\/test.curves.eu\/ch\/contact\/\"]}]},{\"@type\":\"ImageObject\",\"inLanguage\":\"fr-CH\",\"@id\":\"https:\/\/test.curves.eu\/ch\/contact\/#primaryimage\",\"url\":\"https:\/\/test.curves.eu\/wp-content\/uploads\/2021\/09\/curves-circuit-fitness-top-image-1.jpg\",\"contentUrl\":\"https:\/\/test.curves.eu\/wp-content\/uploads\/2021\/09\/curves-circuit-fitness-top-image-1.jpg\"},{\"@type\":\"BreadcrumbList\",\"@id\":\"https:\/\/test.curves.eu\/ch\/contact\/#breadcrumb\",\"itemListElement\":[{\"@type\":\"ListItem\",\"position\":1,\"name\":\"Accueil\",\"item\":\"https:\/\/test.curves.eu\/ch\/\"},{\"@type\":\"ListItem\",\"position\":2,\"name\":\"Contact\"}]},{\"@type\":\"WebSite\",\"@id\":\"https:\/\/test.curves.eu\/ch\/#website\",\"url\":\"https:\/\/test.curves.eu\/ch\/\",\"name\":\"Curves\",\"description\":\"\",\"publisher\":{\"@id\":\"https:\/\/test.curves.eu\/ch\/#organization\"},\"potentialAction\":[{\"@type\":\"SearchAction\",\"target\":{\"@type\":\"EntryPoint\",\"urlTemplate\":\"https:\/\/test.curves.eu\/ch\/?s={search_term_string}\"},\"query-input\":{\"@type\":\"PropertyValueSpecification\",\"valueRequired\":true,\"valueName\":\"search_term_string\"}}],\"inLanguage\":\"fr-CH\"},{\"@type\":\"Organization\",\"@id\":\"https:\/\/test.curves.eu\/ch\/#organization\",\"name\":\"Curves\",\"url\":\"https:\/\/test.curves.eu\/ch\/\",\"logo\":{\"@type\":\"ImageObject\",\"inLanguage\":\"fr-CH\",\"@id\":\"https:\/\/test.curves.eu\/ch\/#\/schema\/logo\/image\/\",\"url\":\"https:\/\/test.curves.eu\/wp-content\/uploads\/2021\/08\/Curves-Logo-fitness-for-women.png\",\"contentUrl\":\"https:\/\/test.curves.eu\/wp-content\/uploads\/2021\/08\/Curves-Logo-fitness-for-women.png\",\"width\":198,\"height\":72,\"caption\":\"Curves\"},\"image\":{\"@id\":\"https:\/\/test.curves.eu\/ch\/#\/schema\/logo\/image\/\"}}]}<\/script>\n<!-- \/ Yoast SEO plugin. -->","yoast_head_json":{"title":"Contact - Curves","robots":{"index":"noindex","follow":"follow","max-snippet":"max-snippet:-1","max-image-preview":"max-image-preview:large","max-video-preview":"max-video-preview:-1"},"og_locale":"fr_FR","og_type":"article","og_title":"Contact - Curves","og_url":"https:\/\/test.curves.eu\/ch\/contact\/","og_site_name":"Curves","article_modified_time":"2021-10-15T20:49:47+00:00","og_image":[{"url":"https:\/\/test.curves.eu\/wp-content\/uploads\/2021\/09\/curves-circuit-fitness-top-image-1.jpg","type":"","width":"","height":""}],"twitter_card":"summary_large_image","schema":{"@context":"https:\/\/schema.org","@graph":[{"@type":"WebPage","@id":"https:\/\/test.curves.eu\/ch\/contact\/","url":"https:\/\/test.curves.eu\/ch\/contact\/","name":"Contact - Curves","isPartOf":{"@id":"https:\/\/test.curves.eu\/ch\/#website"},"primaryImageOfPage":{"@id":"https:\/\/test.curves.eu\/ch\/contact\/#primaryimage"},"image":{"@id":"https:\/\/test.curves.eu\/ch\/contact\/#primaryimage"},"thumbnailUrl":"https:\/\/test.curves.eu\/wp-content\/uploads\/2021\/09\/curves-circuit-fitness-top-image-1.jpg","datePublished":"2021-10-09T19:47:35+00:00","dateModified":"2021-10-15T20:49:47+00:00","breadcrumb":{"@id":"https:\/\/test.curves.eu\/ch\/contact\/#breadcrumb"},"inLanguage":"fr-CH","potentialAction":[{"@type":"ReadAction","target":["https:\/\/test.curves.eu\/ch\/contact\/"]}]},{"@type":"ImageObject","inLanguage":"fr-CH","@id":"https:\/\/test.curves.eu\/ch\/contact\/#primaryimage","url":"https:\/\/test.curves.eu\/wp-content\/uploads\/2021\/09\/curves-circuit-fitness-top-image-1.jpg","contentUrl":"https:\/\/test.curves.eu\/wp-content\/uploads\/2021\/09\/curves-circuit-fitness-top-image-1.jpg"},{"@type":"BreadcrumbList","@id":"https:\/\/test.curves.eu\/ch\/contact\/#breadcrumb","itemListElement":[{"@type":"ListItem","position":1,"name":"Accueil","item":"https:\/\/test.curves.eu\/ch\/"},{"@type":"ListItem","position":2,"name":"Contact"}]},{"@type":"WebSite","@id":"https:\/\/test.curves.eu\/ch\/#website","url":"https:\/\/test.curves.eu\/ch\/","name":"Curves","description":"","publisher":{"@id":"https:\/\/test.curves.eu\/ch\/#organization"},"potentialAction":[{"@type":"SearchAction","target":{"@type":"EntryPoint","urlTemplate":"https:\/\/test.curves.eu\/ch\/?s={search_term_string}"},"query-input":{"@type":"PropertyValueSpecification","valueRequired":true,"valueName":"search_term_string"}}],"inLanguage":"fr-CH"},{"@type":"Organization","@id":"https:\/\/test.curves.eu\/ch\/#organization","name":"Curves","url":"https:\/\/test.curves.eu\/ch\/","logo":{"@type":"ImageObject","inLanguage":"fr-CH","@id":"https:\/\/test.curves.eu\/ch\/#\/schema\/logo\/image\/","url":"https:\/\/test.curves.eu\/wp-content\/uploads\/2021\/08\/Curves-Logo-fitness-for-women.png","contentUrl":"https:\/\/test.curves.eu\/wp-content\/uploads\/2021\/08\/Curves-Logo-fitness-for-women.png","width":198,"height":72,"caption":"Curves"},"image":{"@id":"https:\/\/test.curves.eu\/ch\/#\/schema\/logo\/image\/"}}]}},"_links":{"self":[{"href":"https:\/\/test.curves.eu\/ch\/wp-json\/wp\/v2\/pages\/11847","targetHints":{"allow":["GET"]}}],"collection":[{"href":"https:\/\/test.curves.eu\/ch\/wp-json\/wp\/v2\/pages"}],"about":[{"href":"https:\/\/test.curves.eu\/ch\/wp-json\/wp\/v2\/types\/page"}],"author":[{"embeddable":true,"href":"https:\/\/test.curves.eu\/ch\/wp-json\/wp\/v2\/users\/1"}],"replies":[{"embeddable":true,"href":"https:\/\/test.curves.eu\/ch\/wp-json\/wp\/v2\/comments?post=11847"}],"version-history":[{"count":3,"href":"https:\/\/test.curves.eu\/ch\/wp-json\/wp\/v2\/pages\/11847\/revisions"}],"predecessor-version":[{"id":13072,"href":"https:\/\/test.curves.eu\/ch\/wp-json\/wp\/v2\/pages\/11847\/revisions\/13072"}],"wp:attachment":[{"href":"https:\/\/test.curves.eu\/ch\/wp-json\/wp\/v2\/media?parent=11847"}],"curies":[{"name":"wp","href":"https:\/\/api.w.org\/{rel}","templated":true}]}}