{"id":11823,"date":"2021-10-09T19:24:19","date_gmt":"2021-10-09T18:24:19","guid":{"rendered":"https:\/\/test.curves.eu\/sobre-nosotros\/"},"modified":"2021-10-09T19:24:20","modified_gmt":"2021-10-09T18:24:20","slug":"sobre-nosotros","status":"publish","type":"page","link":"https:\/\/test.curves.eu\/es\/sobre-nosotros\/","title":{"rendered":"Sobre Nosotros"},"content":{"rendered":"\t\t<div data-elementor-type=\"wp-page\" data-elementor-id=\"11823\" class=\"elementor elementor-11823 elementor-1317\" data-elementor-post-type=\"page\">\n\t\t\t\t\t\t<section data-dce-background-image-url=\"https:\/\/test.curves.eu\/wp-content\/uploads\/2021\/09\/curves-fitness-club.jpg\" class=\"elementor-section elementor-top-section elementor-element elementor-element-12cba78 elementor-section-height-min-height elementor-section-boxed elementor-section-height-default elementor-section-items-middle\" data-id=\"12cba78\" data-element_type=\"section\" data-settings=\"{&quot;background_background&quot;:&quot;classic&quot;}\">\n\t\t\t\t\t\t\t<div class=\"elementor-background-overlay\"><\/div>\n\t\t\t\t\t\t\t<div class=\"elementor-container elementor-column-gap-default\">\n\t\t\t\t\t<div class=\"elementor-column elementor-col-100 elementor-top-column elementor-element elementor-element-11fb5a9\" data-id=\"11fb5a9\" data-element_type=\"column\">\n\t\t\t<div class=\"elementor-widget-wrap elementor-element-populated\">\n\t\t\t\t\t\t<section class=\"elementor-section elementor-inner-section elementor-element elementor-element-57beeaa elementor-section-boxed elementor-section-height-default elementor-section-height-default\" data-id=\"57beeaa\" data-element_type=\"section\">\n\t\t\t\t\t\t<div class=\"elementor-container elementor-column-gap-default\">\n\t\t\t\t\t<div class=\"elementor-column elementor-col-100 elementor-inner-column elementor-element elementor-element-49fbc01\" data-id=\"49fbc01\" data-element_type=\"column\">\n\t\t\t<div class=\"elementor-widget-wrap elementor-element-populated\">\n\t\t\t\t\t\t<div class=\"elementor-element elementor-element-de60280 elementor-widget elementor-widget-heading\" data-id=\"de60280\" data-element_type=\"widget\" data-widget_type=\"heading.default\">\n\t\t\t\t<div class=\"elementor-widget-container\">\n\t\t\t\t\t<h1 class=\"elementor-heading-title elementor-size-default\">Sobre Nosotros<\/h1>\t\t\t\t<\/div>\n\t\t\t\t<\/div>\n\t\t\t\t\t<\/div>\n\t\t<\/div>\n\t\t\t\t\t<\/div>\n\t\t<\/section>\n\t\t\t\t\t<\/div>\n\t\t<\/div>\n\t\t\t\t\t<\/div>\n\t\t<\/section>\n\t\t\t\t<section class=\"elementor-section elementor-top-section elementor-element elementor-element-736e9b5 elementor-section-boxed elementor-section-height-default elementor-section-height-default\" data-id=\"736e9b5\" data-element_type=\"section\" data-settings=\"{&quot;background_background&quot;:&quot;classic&quot;}\">\n\t\t\t\t\t\t<div class=\"elementor-container elementor-column-gap-default\">\n\t\t\t\t\t<div class=\"elementor-column elementor-col-100 elementor-top-column elementor-element elementor-element-21a77c0\" data-id=\"21a77c0\" data-element_type=\"column\">\n\t\t\t<div class=\"elementor-widget-wrap elementor-element-populated\">\n\t\t\t\t\t\t<div class=\"elementor-element elementor-element-9be9d7c elementor-align-left elementor-widget elementor-widget-breadcrumbs\" data-id=\"9be9d7c\" data-element_type=\"widget\" data-widget_type=\"breadcrumbs.default\">\n\t\t\t\t<div class=\"elementor-widget-container\">\n\t\t\t\t\t<p id=\"breadcrumbs\"><span><span><a href=\"https:\/\/test.curves.eu\/es\/\">Inicio<\/a><\/span><\/span><\/p>\t\t\t\t<\/div>\n\t\t\t\t<\/div>\n\t\t\t\t<section class=\"elementor-section elementor-inner-section elementor-element elementor-element-46946a2 elementor-section-boxed elementor-section-height-default elementor-section-height-default\" data-id=\"46946a2\" data-element_type=\"section\" data-settings=\"{&quot;background_background&quot;:&quot;classic&quot;}\">\n\t\t\t\t\t\t<div class=\"elementor-container elementor-column-gap-default\">\n\t\t\t\t\t<div class=\"elementor-column elementor-col-100 elementor-inner-column elementor-element elementor-element-0f0096d\" data-id=\"0f0096d\" data-element_type=\"column\">\n\t\t\t<div class=\"elementor-widget-wrap elementor-element-populated\">\n\t\t\t\t\t\t<div class=\"elementor-element elementor-element-b01e2a6 elementor-widget elementor-widget-heading\" data-id=\"b01e2a6\" data-element_type=\"widget\" data-widget_type=\"heading.default\">\n\t\t\t\t<div class=\"elementor-widget-container\">\n\t\t\t\t\t<h2 class=\"elementor-heading-title elementor-size-default\">Historia y \u00c9xito<\/h2>\t\t\t\t<\/div>\n\t\t\t\t<\/div>\n\t\t\t\t<div class=\"elementor-element elementor-element-5e442ec elementor-widget elementor-widget-text-editor\" data-id=\"5e442ec\" data-element_type=\"widget\" data-widget_type=\"text-editor.default\">\n\t\t\t\t<div class=\"elementor-widget-container\">\n\t\t\t\t\t\t\t\t\t<p>Establecido hace m\u00e1s de 25 a\u00f1os, Curves es un modelo de negocio probado, dise\u00f1ado especialmente para mujeres, que ofrece un entorno de Servicio de Apoyo, Acogedor y Seguro para ayudar a nuestras socias a lograr sus objetivos con m\u00e1s de 3500 ubicaciones en m\u00e1s de 50 pa\u00edses.<\/p>\n\t\t\t\t\t\t\t\t<\/div>\n\t\t\t\t<\/div>\n\t\t\t\t\t<\/div>\n\t\t<\/div>\n\t\t\t\t\t<\/div>\n\t\t<\/section>\n\t\t\t\t<section class=\"elementor-section elementor-inner-section elementor-element elementor-element-1dd1630 elementor-section-boxed elementor-section-height-default elementor-section-height-default\" data-id=\"1dd1630\" data-element_type=\"section\">\n\t\t\t\t\t\t<div class=\"elementor-container elementor-column-gap-default\">\n\t\t\t\t\t<div class=\"elementor-column elementor-col-100 elementor-inner-column elementor-element elementor-element-fc6588d\" data-id=\"fc6588d\" data-element_type=\"column\">\n\t\t\t<div class=\"elementor-widget-wrap elementor-element-populated\">\n\t\t\t\t\t\t<div class=\"elementor-element elementor-element-b0a1382 elementor-widget elementor-widget-heading\" data-id=\"b0a1382\" data-element_type=\"widget\" data-widget_type=\"heading.default\">\n\t\t\t\t<div class=\"elementor-widget-container\">\n\t\t\t\t\t<h2 class=\"elementor-heading-title elementor-size-default\">Misi\u00f3n y Valores<\/h2>\t\t\t\t<\/div>\n\t\t\t\t<\/div>\n\t\t\t\t<div class=\"elementor-element elementor-element-9e3ae74 elementor-widget elementor-widget-heading\" data-id=\"9e3ae74\" data-element_type=\"widget\" data-widget_type=\"heading.default\">\n\t\t\t\t<div class=\"elementor-widget-container\">\n\t\t\t\t\t<h3 class=\"elementor-heading-title elementor-size-default\">Qui\u00e9nes somos<\/h3>\t\t\t\t<\/div>\n\t\t\t\t<\/div>\n\t\t\t\t<div class=\"elementor-element elementor-element-5c783be elementor-widget elementor-widget-text-editor\" data-id=\"5c783be\" data-element_type=\"widget\" data-widget_type=\"text-editor.default\">\n\t\t\t\t<div class=\"elementor-widget-container\">\n\t\t\t\t\t\t\t\t\t<p>Al fortalecer a las mujeres y promover el h\u00e1bito del ejercicio efectivo, juntos nos ayudaremos a nosotros mismos y a las socias a lograr sus metas, a tener una mejor calidad de vida y mejorar la salud f\u00edsica y emocional general de las personas y las comunidades.<\/p>\n\t\t\t\t\t\t\t\t<\/div>\n\t\t\t\t<\/div>\n\t\t\t\t<div class=\"elementor-element elementor-element-5e23674 elementor-position-left elementor-vertical-align-middle dce_masking-none elementor-widget elementor-widget-image-box\" data-id=\"5e23674\" data-element_type=\"widget\" data-widget_type=\"image-box.default\">\n\t\t\t\t<div class=\"elementor-widget-container\">\n\t\t\t\t\t<div class=\"elementor-image-box-wrapper\"><figure class=\"elementor-image-box-img\"><img decoding=\"async\" src=\"https:\/\/test.curves.eu\/wp-content\/uploads\/elementor\/thumbs\/Values-icon_Community-of-Caring-Support-pebjxjgfqc4mk7r8d6etsktarpng0k0g8337bfzfmw.png\" title=\"Values icon_Community of Caring Support\" alt=\"Values icon_Community of Caring Support\" loading=\"lazy\" \/><\/figure><div class=\"elementor-image-box-content\"><h4 class=\"elementor-image-box-title\">Comunidad de Servicio de Apoyo<\/h4><p class=\"elementor-image-box-description\">Preocuparse genuinamente por nuestra comunidad y empoderan a todas para mejorar sus vidas creando un entorno positivo, seguro, de apoyo, alentador, divertido y sin prejuicios, donde las personas pueden superar los desaf\u00edos para lograr sus objetivos.<\/p><\/div><\/div>\t\t\t\t<\/div>\n\t\t\t\t<\/div>\n\t\t\t\t<div class=\"elementor-element elementor-element-330954a elementor-position-left elementor-vertical-align-middle dce_masking-none elementor-widget elementor-widget-image-box\" data-id=\"330954a\" data-element_type=\"widget\" data-widget_type=\"image-box.default\">\n\t\t\t\t<div class=\"elementor-widget-container\">\n\t\t\t\t\t<div class=\"elementor-image-box-wrapper\"><figure class=\"elementor-image-box-img\"><img decoding=\"async\" src=\"https:\/\/test.curves.eu\/wp-content\/uploads\/elementor\/thumbs\/Values-icon_Integrity-pebjxlc440777foi2782xkc7yhe6fy7wwce69zwnag.png\" title=\"Values icon_Integrity\" alt=\"Values icon_Integrity\" loading=\"lazy\" \/><\/figure><div class=\"elementor-image-box-content\"><h4 class=\"elementor-image-box-title\">Integridad<\/h4><p class=\"elementor-image-box-description\">Hacer lo correcto incluso cuando nadie est\u00e9 mirando. Cumplir con los compromisos, tomar medidas y aceptar la responsabilidad de los errores y corregirlos. Ser abierto, honesto y actuar de manera consistente con nuestra Misi\u00f3n y Valores<\/p><\/div><\/div>\t\t\t\t<\/div>\n\t\t\t\t<\/div>\n\t\t\t\t<div class=\"elementor-element elementor-element-8e983e3 elementor-position-left elementor-vertical-align-middle dce_masking-none elementor-widget elementor-widget-image-box\" data-id=\"8e983e3\" data-element_type=\"widget\" data-widget_type=\"image-box.default\">\n\t\t\t\t<div class=\"elementor-widget-container\">\n\t\t\t\t\t<div class=\"elementor-image-box-wrapper\"><figure class=\"elementor-image-box-img\"><img decoding=\"async\" src=\"https:\/\/test.curves.eu\/wp-content\/uploads\/elementor\/thumbs\/Values-icons_Passion-for-Service-pebjxke9x65wvtpv7otgd2krd3it8946k7qospy1go.png\" title=\"Values icons_Passion for Service\" alt=\"Values icons_Passion for Service\" loading=\"lazy\" \/><\/figure><div class=\"elementor-image-box-content\"><h4 class=\"elementor-image-box-title\">Pasi\u00f3n por el servicio<\/h4><p class=\"elementor-image-box-description\">Demostrar constantemente Pasi\u00f3n y Compromiso por ayudar a otros a tener \u00e9xito. Hacer el mejor esfuerzo para comprender las necesidades individuales y trabajar incansablemente para maximizar los resultados.<\/p><\/div><\/div>\t\t\t\t<\/div>\n\t\t\t\t<\/div>\n\t\t\t\t<div class=\"elementor-element elementor-element-b2f93eb elementor-position-left elementor-vertical-align-middle dce_masking-none elementor-widget elementor-widget-image-box\" data-id=\"b2f93eb\" data-element_type=\"widget\" data-widget_type=\"image-box.default\">\n\t\t\t\t<div class=\"elementor-widget-container\">\n\t\t\t\t\t<div class=\"elementor-image-box-wrapper\"><figure class=\"elementor-image-box-img\"><img decoding=\"async\" src=\"https:\/\/test.curves.eu\/wp-content\/uploads\/elementor\/thumbs\/Values-icon_Teamwork-pebjxke9x65wvtpv7otgd2krd3it8946k7qospy1go.png\" title=\"Values icon_Teamwork\" alt=\"Values icon_Teamwork\" loading=\"lazy\" \/><\/figure><div class=\"elementor-image-box-content\"><h4 class=\"elementor-image-box-title\">Trabajo en equipo<\/h4><p class=\"elementor-image-box-description\">Sinergizar y trabajar juntos para obtener resultados exitosos mediante el desarrollo de relaciones profesionales y colaborativas.<\/p><\/div><\/div>\t\t\t\t<\/div>\n\t\t\t\t<\/div>\n\t\t\t\t<div class=\"elementor-element elementor-element-809e4c1 elementor-position-left elementor-vertical-align-middle dce_masking-none elementor-widget elementor-widget-image-box\" data-id=\"809e4c1\" data-element_type=\"widget\" data-widget_type=\"image-box.default\">\n\t\t\t\t<div class=\"elementor-widget-container\">\n\t\t\t\t\t<div class=\"elementor-image-box-wrapper\"><figure class=\"elementor-image-box-img\"><img decoding=\"async\" src=\"https:\/\/test.curves.eu\/wp-content\/uploads\/elementor\/thumbs\/Values-icon_Embrace-Change-pebjxm9yau8hj1n4wpmpi23ojv9jnnbn8h1nr9v948.png\" title=\"Values icon_Embrace Change\" alt=\"Values icon_Embrace Change\" loading=\"lazy\" \/><\/figure><div class=\"elementor-image-box-content\"><h4 class=\"elementor-image-box-title\">Adaptarse al Cambio<\/h4><p class=\"elementor-image-box-description\">Encontrar continuamente mejores formas de hacer las cosas. Adaptarse r\u00e1pidamente y encontrar soluciones al cambio.<\/p><\/div><\/div>\t\t\t\t<\/div>\n\t\t\t\t<\/div>\n\t\t\t\t\t<\/div>\n\t\t<\/div>\n\t\t\t\t\t<\/div>\n\t\t<\/section>\n\t\t\t\t\t<\/div>\n\t\t<\/div>\n\t\t\t\t\t<\/div>\n\t\t<\/section>\n\t\t\t\t<\/div>\n\t\t","protected":false},"excerpt":{"rendered":"","protected":false},"author":1,"featured_media":0,"parent":0,"menu_order":0,"comment_status":"closed","ping_status":"closed","template":"page-templates\/template-pagebuilder-full-width.php","meta":{"neve_meta_sidebar":"full-width","neve_meta_container":"","neve_meta_enable_content_width":"on","neve_meta_content_width":100,"neve_meta_title_alignment":"","neve_meta_author_avatar":"","neve_post_elements_order":"","neve_meta_disable_header":"","neve_meta_disable_footer":"","neve_meta_disable_title":"","neve_meta_reading_time":"","footnotes":""},"class_list":["post-11823","page","type-page","status-publish","hentry"],"acf":[],"yoast_head":"<!-- This site is optimized with the Yoast SEO plugin v24.9 - https:\/\/yoast.com\/wordpress\/plugins\/seo\/ -->\n<title>Sobre Nosotros - Curves<\/title>\n<meta name=\"robots\" content=\"noindex, follow, max-snippet:-1, max-image-preview:large, max-video-preview:-1\" \/>\n<meta property=\"og:locale\" content=\"es_ES\" \/>\n<meta property=\"og:type\" content=\"article\" \/>\n<meta property=\"og:title\" content=\"Sobre Nosotros - Curves\" \/>\n<meta property=\"og:url\" content=\"https:\/\/test.curves.eu\/es\/sobre-nosotros\/\" \/>\n<meta property=\"og:site_name\" content=\"Curves\" \/>\n<meta property=\"article:modified_time\" content=\"2021-10-09T18:24:20+00:00\" \/>\n<meta property=\"og:image\" content=\"https:\/\/test.curves.eu\/wp-content\/uploads\/elementor\/thumbs\/Values-icon_Community-of-Caring-Support-pebjxjgfqc4mk7r8d6etsktarpng0k0g8337bfzfmw.png\" \/>\n<meta name=\"twitter:card\" content=\"summary_large_image\" \/>\n<meta name=\"twitter:label1\" content=\"Tiempo de lectura\" \/>\n\t<meta name=\"twitter:data1\" content=\"1 minuto\" \/>\n<script type=\"application\/ld+json\" class=\"yoast-schema-graph\">{\"@context\":\"https:\/\/schema.org\",\"@graph\":[{\"@type\":\"WebPage\",\"@id\":\"https:\/\/test.curves.eu\/es\/sobre-nosotros\/\",\"url\":\"https:\/\/test.curves.eu\/es\/sobre-nosotros\/\",\"name\":\"Sobre Nosotros - Curves\",\"isPartOf\":{\"@id\":\"https:\/\/test.curves.eu\/es\/#website\"},\"primaryImageOfPage\":{\"@id\":\"https:\/\/test.curves.eu\/es\/sobre-nosotros\/#primaryimage\"},\"image\":{\"@id\":\"https:\/\/test.curves.eu\/es\/sobre-nosotros\/#primaryimage\"},\"thumbnailUrl\":\"https:\/\/test.curves.eu\/wp-content\/uploads\/elementor\/thumbs\/Values-icon_Community-of-Caring-Support-pebjxjgfqc4mk7r8d6etsktarpng0k0g8337bfzfmw.png\",\"datePublished\":\"2021-10-09T18:24:19+00:00\",\"dateModified\":\"2021-10-09T18:24:20+00:00\",\"breadcrumb\":{\"@id\":\"https:\/\/test.curves.eu\/es\/sobre-nosotros\/#breadcrumb\"},\"inLanguage\":\"es\",\"potentialAction\":[{\"@type\":\"ReadAction\",\"target\":[\"https:\/\/test.curves.eu\/es\/sobre-nosotros\/\"]}]},{\"@type\":\"ImageObject\",\"inLanguage\":\"es\",\"@id\":\"https:\/\/test.curves.eu\/es\/sobre-nosotros\/#primaryimage\",\"url\":\"https:\/\/test.curves.eu\/wp-content\/uploads\/elementor\/thumbs\/Values-icon_Community-of-Caring-Support-pebjxjgfqc4mk7r8d6etsktarpng0k0g8337bfzfmw.png\",\"contentUrl\":\"https:\/\/test.curves.eu\/wp-content\/uploads\/elementor\/thumbs\/Values-icon_Community-of-Caring-Support-pebjxjgfqc4mk7r8d6etsktarpng0k0g8337bfzfmw.png\"},{\"@type\":\"BreadcrumbList\",\"@id\":\"https:\/\/test.curves.eu\/es\/sobre-nosotros\/#breadcrumb\",\"itemListElement\":[{\"@type\":\"ListItem\",\"position\":1,\"name\":\"Inicio\",\"item\":\"https:\/\/test.curves.eu\/es\/\"},{\"@type\":\"ListItem\",\"position\":2,\"name\":\"Sobre Nosotros\"}]},{\"@type\":\"WebSite\",\"@id\":\"https:\/\/test.curves.eu\/es\/#website\",\"url\":\"https:\/\/test.curves.eu\/es\/\",\"name\":\"Curves\",\"description\":\"\",\"publisher\":{\"@id\":\"https:\/\/test.curves.eu\/es\/#organization\"},\"potentialAction\":[{\"@type\":\"SearchAction\",\"target\":{\"@type\":\"EntryPoint\",\"urlTemplate\":\"https:\/\/test.curves.eu\/es\/?s={search_term_string}\"},\"query-input\":{\"@type\":\"PropertyValueSpecification\",\"valueRequired\":true,\"valueName\":\"search_term_string\"}}],\"inLanguage\":\"es\"},{\"@type\":\"Organization\",\"@id\":\"https:\/\/test.curves.eu\/es\/#organization\",\"name\":\"Curves\",\"url\":\"https:\/\/test.curves.eu\/es\/\",\"logo\":{\"@type\":\"ImageObject\",\"inLanguage\":\"es\",\"@id\":\"https:\/\/test.curves.eu\/es\/#\/schema\/logo\/image\/\",\"url\":\"https:\/\/test.curves.eu\/wp-content\/uploads\/2021\/08\/Curves-Logo-fitness-for-women.png\",\"contentUrl\":\"https:\/\/test.curves.eu\/wp-content\/uploads\/2021\/08\/Curves-Logo-fitness-for-women.png\",\"width\":198,\"height\":72,\"caption\":\"Curves\"},\"image\":{\"@id\":\"https:\/\/test.curves.eu\/es\/#\/schema\/logo\/image\/\"}}]}<\/script>\n<!-- \/ Yoast SEO plugin. -->","yoast_head_json":{"title":"Sobre Nosotros - Curves","robots":{"index":"noindex","follow":"follow","max-snippet":"max-snippet:-1","max-image-preview":"max-image-preview:large","max-video-preview":"max-video-preview:-1"},"og_locale":"es_ES","og_type":"article","og_title":"Sobre Nosotros - Curves","og_url":"https:\/\/test.curves.eu\/es\/sobre-nosotros\/","og_site_name":"Curves","article_modified_time":"2021-10-09T18:24:20+00:00","og_image":[{"url":"https:\/\/test.curves.eu\/wp-content\/uploads\/elementor\/thumbs\/Values-icon_Community-of-Caring-Support-pebjxjgfqc4mk7r8d6etsktarpng0k0g8337bfzfmw.png","type":"","width":"","height":""}],"twitter_card":"summary_large_image","twitter_misc":{"Tiempo de lectura":"1 minuto"},"schema":{"@context":"https:\/\/schema.org","@graph":[{"@type":"WebPage","@id":"https:\/\/test.curves.eu\/es\/sobre-nosotros\/","url":"https:\/\/test.curves.eu\/es\/sobre-nosotros\/","name":"Sobre Nosotros - Curves","isPartOf":{"@id":"https:\/\/test.curves.eu\/es\/#website"},"primaryImageOfPage":{"@id":"https:\/\/test.curves.eu\/es\/sobre-nosotros\/#primaryimage"},"image":{"@id":"https:\/\/test.curves.eu\/es\/sobre-nosotros\/#primaryimage"},"thumbnailUrl":"https:\/\/test.curves.eu\/wp-content\/uploads\/elementor\/thumbs\/Values-icon_Community-of-Caring-Support-pebjxjgfqc4mk7r8d6etsktarpng0k0g8337bfzfmw.png","datePublished":"2021-10-09T18:24:19+00:00","dateModified":"2021-10-09T18:24:20+00:00","breadcrumb":{"@id":"https:\/\/test.curves.eu\/es\/sobre-nosotros\/#breadcrumb"},"inLanguage":"es","potentialAction":[{"@type":"ReadAction","target":["https:\/\/test.curves.eu\/es\/sobre-nosotros\/"]}]},{"@type":"ImageObject","inLanguage":"es","@id":"https:\/\/test.curves.eu\/es\/sobre-nosotros\/#primaryimage","url":"https:\/\/test.curves.eu\/wp-content\/uploads\/elementor\/thumbs\/Values-icon_Community-of-Caring-Support-pebjxjgfqc4mk7r8d6etsktarpng0k0g8337bfzfmw.png","contentUrl":"https:\/\/test.curves.eu\/wp-content\/uploads\/elementor\/thumbs\/Values-icon_Community-of-Caring-Support-pebjxjgfqc4mk7r8d6etsktarpng0k0g8337bfzfmw.png"},{"@type":"BreadcrumbList","@id":"https:\/\/test.curves.eu\/es\/sobre-nosotros\/#breadcrumb","itemListElement":[{"@type":"ListItem","position":1,"name":"Inicio","item":"https:\/\/test.curves.eu\/es\/"},{"@type":"ListItem","position":2,"name":"Sobre Nosotros"}]},{"@type":"WebSite","@id":"https:\/\/test.curves.eu\/es\/#website","url":"https:\/\/test.curves.eu\/es\/","name":"Curves","description":"","publisher":{"@id":"https:\/\/test.curves.eu\/es\/#organization"},"potentialAction":[{"@type":"SearchAction","target":{"@type":"EntryPoint","urlTemplate":"https:\/\/test.curves.eu\/es\/?s={search_term_string}"},"query-input":{"@type":"PropertyValueSpecification","valueRequired":true,"valueName":"search_term_string"}}],"inLanguage":"es"},{"@type":"Organization","@id":"https:\/\/test.curves.eu\/es\/#organization","name":"Curves","url":"https:\/\/test.curves.eu\/es\/","logo":{"@type":"ImageObject","inLanguage":"es","@id":"https:\/\/test.curves.eu\/es\/#\/schema\/logo\/image\/","url":"https:\/\/test.curves.eu\/wp-content\/uploads\/2021\/08\/Curves-Logo-fitness-for-women.png","contentUrl":"https:\/\/test.curves.eu\/wp-content\/uploads\/2021\/08\/Curves-Logo-fitness-for-women.png","width":198,"height":72,"caption":"Curves"},"image":{"@id":"https:\/\/test.curves.eu\/es\/#\/schema\/logo\/image\/"}}]}},"_links":{"self":[{"href":"https:\/\/test.curves.eu\/es\/wp-json\/wp\/v2\/pages\/11823","targetHints":{"allow":["GET"]}}],"collection":[{"href":"https:\/\/test.curves.eu\/es\/wp-json\/wp\/v2\/pages"}],"about":[{"href":"https:\/\/test.curves.eu\/es\/wp-json\/wp\/v2\/types\/page"}],"author":[{"embeddable":true,"href":"https:\/\/test.curves.eu\/es\/wp-json\/wp\/v2\/users\/1"}],"replies":[{"embeddable":true,"href":"https:\/\/test.curves.eu\/es\/wp-json\/wp\/v2\/comments?post=11823"}],"version-history":[{"count":1,"href":"https:\/\/test.curves.eu\/es\/wp-json\/wp\/v2\/pages\/11823\/revisions"}],"predecessor-version":[{"id":11824,"href":"https:\/\/test.curves.eu\/es\/wp-json\/wp\/v2\/pages\/11823\/revisions\/11824"}],"wp:attachment":[{"href":"https:\/\/test.curves.eu\/es\/wp-json\/wp\/v2\/media?parent=11823"}],"curies":[{"name":"wp","href":"https:\/\/api.w.org\/{rel}","templated":true}]}}