{"id":3980,"date":"2021-09-22T15:32:34","date_gmt":"2021-09-22T14:32:34","guid":{"rendered":"https:\/\/test.curves.eu\/mentions-legales\/"},"modified":"2021-10-09T19:36:35","modified_gmt":"2021-10-09T18:36:35","slug":"mentions-legales","status":"publish","type":"page","link":"https:\/\/test.curves.eu\/fr\/mentions-legales\/","title":{"rendered":"\u00c0 propos de nous"},"content":{"rendered":"\t\t<div data-elementor-type=\"wp-page\" data-elementor-id=\"3980\" class=\"elementor elementor-3980 elementor-1317\" data-elementor-post-type=\"page\">\n\t\t\t\t\t\t<section data-dce-background-image-url=\"https:\/\/test.curves.eu\/wp-content\/uploads\/2021\/09\/curves-fitness-club.jpg\" class=\"elementor-section elementor-top-section elementor-element elementor-element-12cba78 elementor-section-height-min-height elementor-section-boxed elementor-section-height-default elementor-section-items-middle\" data-id=\"12cba78\" data-element_type=\"section\" data-settings=\"{&quot;background_background&quot;:&quot;classic&quot;}\">\n\t\t\t\t\t\t\t<div class=\"elementor-background-overlay\"><\/div>\n\t\t\t\t\t\t\t<div class=\"elementor-container elementor-column-gap-default\">\n\t\t\t\t\t<div class=\"elementor-column elementor-col-100 elementor-top-column elementor-element elementor-element-11fb5a9\" data-id=\"11fb5a9\" data-element_type=\"column\">\n\t\t\t<div class=\"elementor-widget-wrap elementor-element-populated\">\n\t\t\t\t\t\t<section class=\"elementor-section elementor-inner-section elementor-element elementor-element-57beeaa elementor-section-boxed elementor-section-height-default elementor-section-height-default\" data-id=\"57beeaa\" data-element_type=\"section\">\n\t\t\t\t\t\t<div class=\"elementor-container elementor-column-gap-default\">\n\t\t\t\t\t<div class=\"elementor-column elementor-col-100 elementor-inner-column elementor-element elementor-element-49fbc01\" data-id=\"49fbc01\" data-element_type=\"column\">\n\t\t\t<div class=\"elementor-widget-wrap elementor-element-populated\">\n\t\t\t\t\t\t<div class=\"elementor-element elementor-element-de60280 elementor-widget elementor-widget-heading\" data-id=\"de60280\" data-element_type=\"widget\" data-widget_type=\"heading.default\">\n\t\t\t\t<div class=\"elementor-widget-container\">\n\t\t\t\t\t<h1 class=\"elementor-heading-title elementor-size-default\">\u00c0 propos de nous<\/h1>\t\t\t\t<\/div>\n\t\t\t\t<\/div>\n\t\t\t\t\t<\/div>\n\t\t<\/div>\n\t\t\t\t\t<\/div>\n\t\t<\/section>\n\t\t\t\t\t<\/div>\n\t\t<\/div>\n\t\t\t\t\t<\/div>\n\t\t<\/section>\n\t\t\t\t<section class=\"elementor-section elementor-top-section elementor-element elementor-element-736e9b5 elementor-section-boxed elementor-section-height-default elementor-section-height-default\" data-id=\"736e9b5\" data-element_type=\"section\" data-settings=\"{&quot;background_background&quot;:&quot;classic&quot;}\">\n\t\t\t\t\t\t<div class=\"elementor-container elementor-column-gap-default\">\n\t\t\t\t\t<div class=\"elementor-column elementor-col-100 elementor-top-column elementor-element elementor-element-21a77c0\" data-id=\"21a77c0\" data-element_type=\"column\">\n\t\t\t<div class=\"elementor-widget-wrap elementor-element-populated\">\n\t\t\t\t\t\t<div class=\"elementor-element elementor-element-9be9d7c elementor-align-left elementor-widget elementor-widget-breadcrumbs\" data-id=\"9be9d7c\" data-element_type=\"widget\" data-widget_type=\"breadcrumbs.default\">\n\t\t\t\t<div class=\"elementor-widget-container\">\n\t\t\t\t\t<p id=\"breadcrumbs\"><span><span><a href=\"https:\/\/test.curves.eu\/fr\/\">Accueil<\/a><\/span><\/span><\/p>\t\t\t\t<\/div>\n\t\t\t\t<\/div>\n\t\t\t\t<section class=\"elementor-section elementor-inner-section elementor-element elementor-element-46946a2 elementor-section-boxed elementor-section-height-default elementor-section-height-default\" data-id=\"46946a2\" data-element_type=\"section\" data-settings=\"{&quot;background_background&quot;:&quot;classic&quot;}\">\n\t\t\t\t\t\t<div class=\"elementor-container elementor-column-gap-default\">\n\t\t\t\t\t<div class=\"elementor-column elementor-col-100 elementor-inner-column elementor-element elementor-element-0f0096d\" data-id=\"0f0096d\" data-element_type=\"column\">\n\t\t\t<div class=\"elementor-widget-wrap elementor-element-populated\">\n\t\t\t\t\t\t<div class=\"elementor-element elementor-element-b01e2a6 elementor-widget elementor-widget-heading\" data-id=\"b01e2a6\" data-element_type=\"widget\" data-widget_type=\"heading.default\">\n\t\t\t\t<div class=\"elementor-widget-container\">\n\t\t\t\t\t<h2 class=\"elementor-heading-title elementor-size-default\">Histoire et succ\u00e9s<\/h2>\t\t\t\t<\/div>\n\t\t\t\t<\/div>\n\t\t\t\t<div class=\"elementor-element elementor-element-5e442ec elementor-widget elementor-widget-text-editor\" data-id=\"5e442ec\" data-element_type=\"widget\" data-widget_type=\"text-editor.default\">\n\t\t\t\t<div class=\"elementor-widget-container\">\n\t\t\t\t\t\t\t\t\t<p>Fond\u00e9 il y a plus de 25 ans, Curves est un mod\u00e8le de Club de Fitness \u00e9prouv\u00e9, con\u00e7u sp\u00e9cialement pour les femmes, qui offre un environnement de soutien, d&rsquo;accueil et de s\u00e9curit\u00e9 pour aider nos adh\u00e9rentes \u00e0 atteindre leurs objectifs, avec plus de 3 500 sites dans plus de 50 pays\u2026<\/p>\n\t\t\t\t\t\t\t\t<\/div>\n\t\t\t\t<\/div>\n\t\t\t\t\t<\/div>\n\t\t<\/div>\n\t\t\t\t\t<\/div>\n\t\t<\/section>\n\t\t\t\t<section class=\"elementor-section elementor-inner-section elementor-element elementor-element-1dd1630 elementor-section-boxed elementor-section-height-default elementor-section-height-default\" data-id=\"1dd1630\" data-element_type=\"section\">\n\t\t\t\t\t\t<div class=\"elementor-container elementor-column-gap-default\">\n\t\t\t\t\t<div class=\"elementor-column elementor-col-100 elementor-inner-column elementor-element elementor-element-fc6588d\" data-id=\"fc6588d\" data-element_type=\"column\">\n\t\t\t<div class=\"elementor-widget-wrap elementor-element-populated\">\n\t\t\t\t\t\t<div class=\"elementor-element elementor-element-b0a1382 elementor-widget elementor-widget-heading\" data-id=\"b0a1382\" data-element_type=\"widget\" data-widget_type=\"heading.default\">\n\t\t\t\t<div class=\"elementor-widget-container\">\n\t\t\t\t\t<h2 class=\"elementor-heading-title elementor-size-default\">Mission et valeurs<\/h2>\t\t\t\t<\/div>\n\t\t\t\t<\/div>\n\t\t\t\t<div class=\"elementor-element elementor-element-9e3ae74 elementor-widget elementor-widget-heading\" data-id=\"9e3ae74\" data-element_type=\"widget\" data-widget_type=\"heading.default\">\n\t\t\t\t<div class=\"elementor-widget-container\">\n\t\t\t\t\t<h3 class=\"elementor-heading-title elementor-size-default\">Qui sommes nous<\/h3>\t\t\t\t<\/div>\n\t\t\t\t<\/div>\n\t\t\t\t<div class=\"elementor-element elementor-element-5c783be elementor-widget elementor-widget-text-editor\" data-id=\"5c783be\" data-element_type=\"widget\" data-widget_type=\"text-editor.default\">\n\t\t\t\t<div class=\"elementor-widget-container\">\n\t\t\t\t\t\t\t\t\t<p>En renfor\u00e7ant les femmes et en promouvant l&rsquo;habitude de faire de l&rsquo;exercice efficacement, ensemble nous nous aiderons nous-m\u00eames et nos adh\u00e9rentes \u00e0 atteindre nos objectifs, \u00e0 avoir une meilleure qualit\u00e9 de vie et \u00e0 am\u00e9liorer la sant\u00e9 physique et \u00e9motionnelle globale des individus et des communaut\u00e9s.<\/p>\n\t\t\t\t\t\t\t\t<\/div>\n\t\t\t\t<\/div>\n\t\t\t\t<div class=\"elementor-element elementor-element-5e23674 elementor-position-left elementor-vertical-align-middle dce_masking-none elementor-widget elementor-widget-image-box\" data-id=\"5e23674\" data-element_type=\"widget\" data-widget_type=\"image-box.default\">\n\t\t\t\t<div class=\"elementor-widget-container\">\n\t\t\t\t\t<div class=\"elementor-image-box-wrapper\"><figure class=\"elementor-image-box-img\"><img decoding=\"async\" src=\"https:\/\/test.curves.eu\/wp-content\/uploads\/elementor\/thumbs\/Values-icon_Community-of-Caring-Support-pebjxjgfqc4mk7r8d6etsktarpng0k0g8337bfzfmw.png\" title=\"Values icon_Community of Caring Support\" alt=\"Values icon_Community of Caring Support\" loading=\"lazy\" \/><\/figure><div class=\"elementor-image-box-content\"><h4 class=\"elementor-image-box-title\">Communaut\u00e9 de soutien attentionn\u00e9e<\/h4><p class=\"elementor-image-box-description\">Se soucier v\u00e9ritablement de sa communaut\u00e9 et permettre \u00e0 chacun d'am\u00e9liorer sa vie en cr\u00e9ant un environnement positif, s\u00fbr, solidaire, encourageant, amusant et sans jugement, o\u00f9 les adh\u00e9rentes peuvent surmonter les d\u00e9fis pour atteindre leurs objectifs.<\/p><\/div><\/div>\t\t\t\t<\/div>\n\t\t\t\t<\/div>\n\t\t\t\t<div class=\"elementor-element elementor-element-330954a elementor-position-left elementor-vertical-align-middle dce_masking-none elementor-widget elementor-widget-image-box\" data-id=\"330954a\" data-element_type=\"widget\" data-widget_type=\"image-box.default\">\n\t\t\t\t<div class=\"elementor-widget-container\">\n\t\t\t\t\t<div class=\"elementor-image-box-wrapper\"><figure class=\"elementor-image-box-img\"><img decoding=\"async\" src=\"https:\/\/test.curves.eu\/wp-content\/uploads\/elementor\/thumbs\/Values-icon_Integrity-pebjxlc440777foi2782xkc7yhe6fy7wwce69zwnag.png\" title=\"Values icon_Integrity\" alt=\"Values icon_Integrity\" loading=\"lazy\" \/><\/figure><div class=\"elementor-image-box-content\"><h4 class=\"elementor-image-box-title\">Int\u00e9grit\u00e9<\/h4><p class=\"elementor-image-box-description\">Faire ce qu'il faut m\u00eame lorsque personne ne regarde. Tenir ses engagements, agir et accepter la responsabilit\u00e9 des erreurs et prendre les mesures n\u00e9cessaires pour les corriger. \u00catre ouvert, honn\u00eate et agir de mani\u00e8re coh\u00e9rente avec notre mission et nos valeurs.<\/p><\/div><\/div>\t\t\t\t<\/div>\n\t\t\t\t<\/div>\n\t\t\t\t<div class=\"elementor-element elementor-element-8e983e3 elementor-position-left elementor-vertical-align-middle dce_masking-none elementor-widget elementor-widget-image-box\" data-id=\"8e983e3\" data-element_type=\"widget\" data-widget_type=\"image-box.default\">\n\t\t\t\t<div class=\"elementor-widget-container\">\n\t\t\t\t\t<div class=\"elementor-image-box-wrapper\"><figure class=\"elementor-image-box-img\"><img decoding=\"async\" src=\"https:\/\/test.curves.eu\/wp-content\/uploads\/elementor\/thumbs\/Values-icons_Passion-for-Service-pebjxke9x65wvtpv7otgd2krd3it8946k7qospy1go.png\" title=\"Values icons_Passion for Service\" alt=\"Values icons_Passion for Service\" loading=\"lazy\" \/><\/figure><div class=\"elementor-image-box-content\"><h4 class=\"elementor-image-box-title\">Passion pour le Service<\/h4><p class=\"elementor-image-box-description\">Constamment d\u00e9montrer une passion et un engagement \u00e0 aider les autres \u00e0 r\u00e9ussir. Faire de son mieux pour comprendre les besoins individuels et travaillez sans rel\u00e2che pour maximiser les r\u00e9sultats.<\/p><\/div><\/div>\t\t\t\t<\/div>\n\t\t\t\t<\/div>\n\t\t\t\t<div class=\"elementor-element elementor-element-b2f93eb elementor-position-left elementor-vertical-align-middle dce_masking-none elementor-widget elementor-widget-image-box\" data-id=\"b2f93eb\" data-element_type=\"widget\" data-widget_type=\"image-box.default\">\n\t\t\t\t<div class=\"elementor-widget-container\">\n\t\t\t\t\t<div class=\"elementor-image-box-wrapper\"><figure class=\"elementor-image-box-img\"><img decoding=\"async\" src=\"https:\/\/test.curves.eu\/wp-content\/uploads\/elementor\/thumbs\/Values-icon_Teamwork-pebjxke9x65wvtpv7otgd2krd3it8946k7qospy1go.png\" title=\"Values icon_Teamwork\" alt=\"Values icon_Teamwork\" loading=\"lazy\" \/><\/figure><div class=\"elementor-image-box-content\"><h4 class=\"elementor-image-box-title\">Travailler en \u00c9quipe<\/h4><p class=\"elementor-image-box-description\">Synergiser et travailler ensemble pour obtenir des r\u00e9sultats positifs en d\u00e9veloppant des relations professionnelles et collaboratives.<\/p><\/div><\/div>\t\t\t\t<\/div>\n\t\t\t\t<\/div>\n\t\t\t\t<div class=\"elementor-element elementor-element-809e4c1 elementor-position-left elementor-vertical-align-middle dce_masking-none elementor-widget elementor-widget-image-box\" data-id=\"809e4c1\" data-element_type=\"widget\" data-widget_type=\"image-box.default\">\n\t\t\t\t<div class=\"elementor-widget-container\">\n\t\t\t\t\t<div class=\"elementor-image-box-wrapper\"><figure class=\"elementor-image-box-img\"><img decoding=\"async\" src=\"https:\/\/test.curves.eu\/wp-content\/uploads\/elementor\/thumbs\/Values-icon_Embrace-Change-pebjxm9yau8hj1n4wpmpi23ojv9jnnbn8h1nr9v948.png\" title=\"Values icon_Embrace Change\" alt=\"Values icon_Embrace Change\" loading=\"lazy\" \/><\/figure><div class=\"elementor-image-box-content\"><h4 class=\"elementor-image-box-title\">Accepter le Changement<\/h4><p class=\"elementor-image-box-description\">Trouvez continuellement de meilleures fa\u00e7ons de faire les choses. S'adapter rapidement et trouver des solutions au changement.<\/p><\/div><\/div>\t\t\t\t<\/div>\n\t\t\t\t<\/div>\n\t\t\t\t\t<\/div>\n\t\t<\/div>\n\t\t\t\t\t<\/div>\n\t\t<\/section>\n\t\t\t\t\t<\/div>\n\t\t<\/div>\n\t\t\t\t\t<\/div>\n\t\t<\/section>\n\t\t\t\t<\/div>\n\t\t","protected":false},"excerpt":{"rendered":"","protected":false},"author":1,"featured_media":0,"parent":0,"menu_order":0,"comment_status":"closed","ping_status":"closed","template":"page-templates\/template-pagebuilder-full-width.php","meta":{"neve_meta_sidebar":"full-width","neve_meta_container":"","neve_meta_enable_content_width":"on","neve_meta_content_width":100,"neve_meta_title_alignment":"","neve_meta_author_avatar":"","neve_post_elements_order":"","neve_meta_disable_header":"","neve_meta_disable_footer":"","neve_meta_disable_title":"","neve_meta_reading_time":"","footnotes":""},"class_list":["post-3980","page","type-page","status-publish","hentry"],"acf":[],"yoast_head":"<!-- This site is optimized with the Yoast SEO plugin v24.9 - https:\/\/yoast.com\/wordpress\/plugins\/seo\/ -->\n<title>\u00c0 propos de nous - Curves<\/title>\n<meta name=\"robots\" content=\"noindex, follow, max-snippet:-1, max-image-preview:large, max-video-preview:-1\" \/>\n<meta property=\"og:locale\" content=\"fr_FR\" \/>\n<meta property=\"og:type\" content=\"article\" \/>\n<meta property=\"og:title\" content=\"\u00c0 propos de nous - Curves\" \/>\n<meta property=\"og:url\" content=\"https:\/\/test.curves.eu\/fr\/mentions-legales\/\" \/>\n<meta property=\"og:site_name\" content=\"Curves\" \/>\n<meta property=\"article:modified_time\" content=\"2021-10-09T18:36:35+00:00\" \/>\n<meta property=\"og:image\" content=\"https:\/\/test.curves.eu\/wp-content\/uploads\/elementor\/thumbs\/Values-icon_Community-of-Caring-Support-pebjxjgfqc4mk7r8d6etsktarpng0k0g8337bfzfmw.png\" \/>\n<meta name=\"twitter:card\" content=\"summary_large_image\" \/>\n<meta name=\"twitter:label1\" content=\"Dur\u00e9e de lecture estim\u00e9e\" \/>\n\t<meta name=\"twitter:data1\" content=\"1 minute\" \/>\n<script type=\"application\/ld+json\" class=\"yoast-schema-graph\">{\"@context\":\"https:\/\/schema.org\",\"@graph\":[{\"@type\":\"WebPage\",\"@id\":\"https:\/\/test.curves.eu\/fr\/mentions-legales\/\",\"url\":\"https:\/\/test.curves.eu\/fr\/mentions-legales\/\",\"name\":\"\u00c0 propos de nous - Curves\",\"isPartOf\":{\"@id\":\"https:\/\/test.curves.eu\/fr\/#website\"},\"primaryImageOfPage\":{\"@id\":\"https:\/\/test.curves.eu\/fr\/mentions-legales\/#primaryimage\"},\"image\":{\"@id\":\"https:\/\/test.curves.eu\/fr\/mentions-legales\/#primaryimage\"},\"thumbnailUrl\":\"https:\/\/test.curves.eu\/wp-content\/uploads\/elementor\/thumbs\/Values-icon_Community-of-Caring-Support-pebjxjgfqc4mk7r8d6etsktarpng0k0g8337bfzfmw.png\",\"datePublished\":\"2021-09-22T14:32:34+00:00\",\"dateModified\":\"2021-10-09T18:36:35+00:00\",\"breadcrumb\":{\"@id\":\"https:\/\/test.curves.eu\/fr\/mentions-legales\/#breadcrumb\"},\"inLanguage\":\"fr-FR\",\"potentialAction\":[{\"@type\":\"ReadAction\",\"target\":[\"https:\/\/test.curves.eu\/fr\/mentions-legales\/\"]}]},{\"@type\":\"ImageObject\",\"inLanguage\":\"fr-FR\",\"@id\":\"https:\/\/test.curves.eu\/fr\/mentions-legales\/#primaryimage\",\"url\":\"https:\/\/test.curves.eu\/wp-content\/uploads\/elementor\/thumbs\/Values-icon_Community-of-Caring-Support-pebjxjgfqc4mk7r8d6etsktarpng0k0g8337bfzfmw.png\",\"contentUrl\":\"https:\/\/test.curves.eu\/wp-content\/uploads\/elementor\/thumbs\/Values-icon_Community-of-Caring-Support-pebjxjgfqc4mk7r8d6etsktarpng0k0g8337bfzfmw.png\"},{\"@type\":\"BreadcrumbList\",\"@id\":\"https:\/\/test.curves.eu\/fr\/mentions-legales\/#breadcrumb\",\"itemListElement\":[{\"@type\":\"ListItem\",\"position\":1,\"name\":\"Accueil\",\"item\":\"https:\/\/test.curves.eu\/fr\/\"},{\"@type\":\"ListItem\",\"position\":2,\"name\":\"\u00c0 propos de nous\"}]},{\"@type\":\"WebSite\",\"@id\":\"https:\/\/test.curves.eu\/fr\/#website\",\"url\":\"https:\/\/test.curves.eu\/fr\/\",\"name\":\"Curves\",\"description\":\"\",\"publisher\":{\"@id\":\"https:\/\/test.curves.eu\/fr\/#organization\"},\"potentialAction\":[{\"@type\":\"SearchAction\",\"target\":{\"@type\":\"EntryPoint\",\"urlTemplate\":\"https:\/\/test.curves.eu\/fr\/?s={search_term_string}\"},\"query-input\":{\"@type\":\"PropertyValueSpecification\",\"valueRequired\":true,\"valueName\":\"search_term_string\"}}],\"inLanguage\":\"fr-FR\"},{\"@type\":\"Organization\",\"@id\":\"https:\/\/test.curves.eu\/fr\/#organization\",\"name\":\"Curves\",\"url\":\"https:\/\/test.curves.eu\/fr\/\",\"logo\":{\"@type\":\"ImageObject\",\"inLanguage\":\"fr-FR\",\"@id\":\"https:\/\/test.curves.eu\/fr\/#\/schema\/logo\/image\/\",\"url\":\"https:\/\/test.curves.eu\/wp-content\/uploads\/2021\/08\/Curves-Logo-fitness-for-women.png\",\"contentUrl\":\"https:\/\/test.curves.eu\/wp-content\/uploads\/2021\/08\/Curves-Logo-fitness-for-women.png\",\"width\":198,\"height\":72,\"caption\":\"Curves\"},\"image\":{\"@id\":\"https:\/\/test.curves.eu\/fr\/#\/schema\/logo\/image\/\"}}]}<\/script>\n<!-- \/ Yoast SEO plugin. -->","yoast_head_json":{"title":"\u00c0 propos de nous - Curves","robots":{"index":"noindex","follow":"follow","max-snippet":"max-snippet:-1","max-image-preview":"max-image-preview:large","max-video-preview":"max-video-preview:-1"},"og_locale":"fr_FR","og_type":"article","og_title":"\u00c0 propos de nous - Curves","og_url":"https:\/\/test.curves.eu\/fr\/mentions-legales\/","og_site_name":"Curves","article_modified_time":"2021-10-09T18:36:35+00:00","og_image":[{"url":"https:\/\/test.curves.eu\/wp-content\/uploads\/elementor\/thumbs\/Values-icon_Community-of-Caring-Support-pebjxjgfqc4mk7r8d6etsktarpng0k0g8337bfzfmw.png","type":"","width":"","height":""}],"twitter_card":"summary_large_image","twitter_misc":{"Dur\u00e9e de lecture estim\u00e9e":"1 minute"},"schema":{"@context":"https:\/\/schema.org","@graph":[{"@type":"WebPage","@id":"https:\/\/test.curves.eu\/fr\/mentions-legales\/","url":"https:\/\/test.curves.eu\/fr\/mentions-legales\/","name":"\u00c0 propos de nous - Curves","isPartOf":{"@id":"https:\/\/test.curves.eu\/fr\/#website"},"primaryImageOfPage":{"@id":"https:\/\/test.curves.eu\/fr\/mentions-legales\/#primaryimage"},"image":{"@id":"https:\/\/test.curves.eu\/fr\/mentions-legales\/#primaryimage"},"thumbnailUrl":"https:\/\/test.curves.eu\/wp-content\/uploads\/elementor\/thumbs\/Values-icon_Community-of-Caring-Support-pebjxjgfqc4mk7r8d6etsktarpng0k0g8337bfzfmw.png","datePublished":"2021-09-22T14:32:34+00:00","dateModified":"2021-10-09T18:36:35+00:00","breadcrumb":{"@id":"https:\/\/test.curves.eu\/fr\/mentions-legales\/#breadcrumb"},"inLanguage":"fr-FR","potentialAction":[{"@type":"ReadAction","target":["https:\/\/test.curves.eu\/fr\/mentions-legales\/"]}]},{"@type":"ImageObject","inLanguage":"fr-FR","@id":"https:\/\/test.curves.eu\/fr\/mentions-legales\/#primaryimage","url":"https:\/\/test.curves.eu\/wp-content\/uploads\/elementor\/thumbs\/Values-icon_Community-of-Caring-Support-pebjxjgfqc4mk7r8d6etsktarpng0k0g8337bfzfmw.png","contentUrl":"https:\/\/test.curves.eu\/wp-content\/uploads\/elementor\/thumbs\/Values-icon_Community-of-Caring-Support-pebjxjgfqc4mk7r8d6etsktarpng0k0g8337bfzfmw.png"},{"@type":"BreadcrumbList","@id":"https:\/\/test.curves.eu\/fr\/mentions-legales\/#breadcrumb","itemListElement":[{"@type":"ListItem","position":1,"name":"Accueil","item":"https:\/\/test.curves.eu\/fr\/"},{"@type":"ListItem","position":2,"name":"\u00c0 propos de nous"}]},{"@type":"WebSite","@id":"https:\/\/test.curves.eu\/fr\/#website","url":"https:\/\/test.curves.eu\/fr\/","name":"Curves","description":"","publisher":{"@id":"https:\/\/test.curves.eu\/fr\/#organization"},"potentialAction":[{"@type":"SearchAction","target":{"@type":"EntryPoint","urlTemplate":"https:\/\/test.curves.eu\/fr\/?s={search_term_string}"},"query-input":{"@type":"PropertyValueSpecification","valueRequired":true,"valueName":"search_term_string"}}],"inLanguage":"fr-FR"},{"@type":"Organization","@id":"https:\/\/test.curves.eu\/fr\/#organization","name":"Curves","url":"https:\/\/test.curves.eu\/fr\/","logo":{"@type":"ImageObject","inLanguage":"fr-FR","@id":"https:\/\/test.curves.eu\/fr\/#\/schema\/logo\/image\/","url":"https:\/\/test.curves.eu\/wp-content\/uploads\/2021\/08\/Curves-Logo-fitness-for-women.png","contentUrl":"https:\/\/test.curves.eu\/wp-content\/uploads\/2021\/08\/Curves-Logo-fitness-for-women.png","width":198,"height":72,"caption":"Curves"},"image":{"@id":"https:\/\/test.curves.eu\/fr\/#\/schema\/logo\/image\/"}}]}},"_links":{"self":[{"href":"https:\/\/test.curves.eu\/fr\/wp-json\/wp\/v2\/pages\/3980","targetHints":{"allow":["GET"]}}],"collection":[{"href":"https:\/\/test.curves.eu\/fr\/wp-json\/wp\/v2\/pages"}],"about":[{"href":"https:\/\/test.curves.eu\/fr\/wp-json\/wp\/v2\/types\/page"}],"author":[{"embeddable":true,"href":"https:\/\/test.curves.eu\/fr\/wp-json\/wp\/v2\/users\/1"}],"replies":[{"embeddable":true,"href":"https:\/\/test.curves.eu\/fr\/wp-json\/wp\/v2\/comments?post=3980"}],"version-history":[{"count":5,"href":"https:\/\/test.curves.eu\/fr\/wp-json\/wp\/v2\/pages\/3980\/revisions"}],"predecessor-version":[{"id":11833,"href":"https:\/\/test.curves.eu\/fr\/wp-json\/wp\/v2\/pages\/3980\/revisions\/11833"}],"wp:attachment":[{"href":"https:\/\/test.curves.eu\/fr\/wp-json\/wp\/v2\/media?parent=3980"}],"curies":[{"name":"wp","href":"https:\/\/api.w.org\/{rel}","templated":true}]}}