{"id":11825,"date":"2021-10-09T19:28:59","date_gmt":"2021-10-09T18:28:59","guid":{"rendered":"https:\/\/test.curves.eu\/om-oss\/"},"modified":"2021-10-09T19:28:59","modified_gmt":"2021-10-09T18:28:59","slug":"om-oss","status":"publish","type":"page","link":"https:\/\/test.curves.eu\/sv\/om-oss\/","title":{"rendered":"Om oss"},"content":{"rendered":"\t\t<div data-elementor-type=\"wp-page\" data-elementor-id=\"11825\" class=\"elementor elementor-11825 elementor-1317\" data-elementor-post-type=\"page\">\n\t\t\t\t\t\t<section data-dce-background-image-url=\"https:\/\/test.curves.eu\/wp-content\/uploads\/2021\/09\/curves-fitness-club.jpg\" class=\"elementor-section elementor-top-section elementor-element elementor-element-12cba78 elementor-section-height-min-height elementor-section-boxed elementor-section-height-default elementor-section-items-middle\" data-id=\"12cba78\" data-element_type=\"section\" data-settings=\"{&quot;background_background&quot;:&quot;classic&quot;}\">\n\t\t\t\t\t\t\t<div class=\"elementor-background-overlay\"><\/div>\n\t\t\t\t\t\t\t<div class=\"elementor-container elementor-column-gap-default\">\n\t\t\t\t\t<div class=\"elementor-column elementor-col-100 elementor-top-column elementor-element elementor-element-11fb5a9\" data-id=\"11fb5a9\" data-element_type=\"column\">\n\t\t\t<div class=\"elementor-widget-wrap elementor-element-populated\">\n\t\t\t\t\t\t<section class=\"elementor-section elementor-inner-section elementor-element elementor-element-57beeaa elementor-section-boxed elementor-section-height-default elementor-section-height-default\" data-id=\"57beeaa\" data-element_type=\"section\">\n\t\t\t\t\t\t<div class=\"elementor-container elementor-column-gap-default\">\n\t\t\t\t\t<div class=\"elementor-column elementor-col-100 elementor-inner-column elementor-element elementor-element-49fbc01\" data-id=\"49fbc01\" data-element_type=\"column\">\n\t\t\t<div class=\"elementor-widget-wrap elementor-element-populated\">\n\t\t\t\t\t\t<div class=\"elementor-element elementor-element-de60280 elementor-widget elementor-widget-heading\" data-id=\"de60280\" data-element_type=\"widget\" data-widget_type=\"heading.default\">\n\t\t\t\t<div class=\"elementor-widget-container\">\n\t\t\t\t\t<h1 class=\"elementor-heading-title elementor-size-default\">Om oss<\/h1>\t\t\t\t<\/div>\n\t\t\t\t<\/div>\n\t\t\t\t\t<\/div>\n\t\t<\/div>\n\t\t\t\t\t<\/div>\n\t\t<\/section>\n\t\t\t\t\t<\/div>\n\t\t<\/div>\n\t\t\t\t\t<\/div>\n\t\t<\/section>\n\t\t\t\t<section class=\"elementor-section elementor-top-section elementor-element elementor-element-736e9b5 elementor-section-boxed elementor-section-height-default elementor-section-height-default\" data-id=\"736e9b5\" data-element_type=\"section\" data-settings=\"{&quot;background_background&quot;:&quot;classic&quot;}\">\n\t\t\t\t\t\t<div class=\"elementor-container elementor-column-gap-default\">\n\t\t\t\t\t<div class=\"elementor-column elementor-col-100 elementor-top-column elementor-element elementor-element-21a77c0\" data-id=\"21a77c0\" data-element_type=\"column\">\n\t\t\t<div class=\"elementor-widget-wrap elementor-element-populated\">\n\t\t\t\t\t\t<div class=\"elementor-element elementor-element-9be9d7c elementor-align-left elementor-widget elementor-widget-breadcrumbs\" data-id=\"9be9d7c\" data-element_type=\"widget\" data-widget_type=\"breadcrumbs.default\">\n\t\t\t\t<div class=\"elementor-widget-container\">\n\t\t\t\t\t<p id=\"breadcrumbs\"><span><span><a href=\"https:\/\/test.curves.eu\/sv\/\">Startsida<\/a><\/span><\/span><\/p>\t\t\t\t<\/div>\n\t\t\t\t<\/div>\n\t\t\t\t<section class=\"elementor-section elementor-inner-section elementor-element elementor-element-46946a2 elementor-section-boxed elementor-section-height-default elementor-section-height-default\" data-id=\"46946a2\" data-element_type=\"section\" data-settings=\"{&quot;background_background&quot;:&quot;classic&quot;}\">\n\t\t\t\t\t\t<div class=\"elementor-container elementor-column-gap-default\">\n\t\t\t\t\t<div class=\"elementor-column elementor-col-100 elementor-inner-column elementor-element elementor-element-0f0096d\" data-id=\"0f0096d\" data-element_type=\"column\">\n\t\t\t<div class=\"elementor-widget-wrap elementor-element-populated\">\n\t\t\t\t\t\t<div class=\"elementor-element elementor-element-b01e2a6 elementor-widget elementor-widget-heading\" data-id=\"b01e2a6\" data-element_type=\"widget\" data-widget_type=\"heading.default\">\n\t\t\t\t<div class=\"elementor-widget-container\">\n\t\t\t\t\t<h2 class=\"elementor-heading-title elementor-size-default\">Hisotria och Framg\u00e5ng<\/h2>\t\t\t\t<\/div>\n\t\t\t\t<\/div>\n\t\t\t\t<div class=\"elementor-element elementor-element-5e442ec elementor-widget elementor-widget-text-editor\" data-id=\"5e442ec\" data-element_type=\"widget\" data-widget_type=\"text-editor.default\">\n\t\t\t\t<div class=\"elementor-widget-container\">\n\t\t\t\t\t\t\t\t\t<p>Curves grundades f\u00f6r \u00f6ver 25 \u00e5r sedan och \u00e4r en bepr\u00f6vad aff\u00e4rsmodell som \u00e4r speciellt utformad f\u00f6r kvinnor och erbjuder en st\u00f6djande, v\u00e4lkomnande och trygg milj\u00f6 f\u00f6r att hj\u00e4lpa v\u00e5ra medlemmar att uppn\u00e5 sina m\u00e5l, p\u00e5 fler \u00e4n 3 500 platser i \u00f6ver 50 l\u00e4nder.<\/p>\n\t\t\t\t\t\t\t\t<\/div>\n\t\t\t\t<\/div>\n\t\t\t\t\t<\/div>\n\t\t<\/div>\n\t\t\t\t\t<\/div>\n\t\t<\/section>\n\t\t\t\t<section class=\"elementor-section elementor-inner-section elementor-element elementor-element-1dd1630 elementor-section-boxed elementor-section-height-default elementor-section-height-default\" data-id=\"1dd1630\" data-element_type=\"section\">\n\t\t\t\t\t\t<div class=\"elementor-container elementor-column-gap-default\">\n\t\t\t\t\t<div class=\"elementor-column elementor-col-100 elementor-inner-column elementor-element elementor-element-fc6588d\" data-id=\"fc6588d\" data-element_type=\"column\">\n\t\t\t<div class=\"elementor-widget-wrap elementor-element-populated\">\n\t\t\t\t\t\t<div class=\"elementor-element elementor-element-b0a1382 elementor-widget elementor-widget-heading\" data-id=\"b0a1382\" data-element_type=\"widget\" data-widget_type=\"heading.default\">\n\t\t\t\t<div class=\"elementor-widget-container\">\n\t\t\t\t\t<h2 class=\"elementor-heading-title elementor-size-default\">Uppdrag och V\u00e4rderingar<\/h2>\t\t\t\t<\/div>\n\t\t\t\t<\/div>\n\t\t\t\t<div class=\"elementor-element elementor-element-9e3ae74 elementor-widget elementor-widget-heading\" data-id=\"9e3ae74\" data-element_type=\"widget\" data-widget_type=\"heading.default\">\n\t\t\t\t<div class=\"elementor-widget-container\">\n\t\t\t\t\t<h3 class=\"elementor-heading-title elementor-size-default\">Vilka vi \u00e4r<\/h3>\t\t\t\t<\/div>\n\t\t\t\t<\/div>\n\t\t\t\t<div class=\"elementor-element elementor-element-5c783be elementor-widget elementor-widget-text-editor\" data-id=\"5c783be\" data-element_type=\"widget\" data-widget_type=\"text-editor.default\">\n\t\t\t\t<div class=\"elementor-widget-container\">\n\t\t\t\t\t\t\t\t\t<p>Genom att st\u00e4rka kvinnor och fr\u00e4mja vanan med effektiv tr\u00e4ning kommer vi tillsammans att hj\u00e4lpa oss sj\u00e4lva och medlemmarna att n\u00e5 m\u00e5l, f\u00e5 en b\u00e4ttre livskvalitet och f\u00f6rb\u00e4ttra den \u00f6vergripande fysiska och psykiska h\u00e4lsan hos individer och samh\u00e4llen.<\/p>\n\t\t\t\t\t\t\t\t<\/div>\n\t\t\t\t<\/div>\n\t\t\t\t<div class=\"elementor-element elementor-element-5e23674 elementor-position-left elementor-vertical-align-middle dce_masking-none elementor-widget elementor-widget-image-box\" data-id=\"5e23674\" data-element_type=\"widget\" data-widget_type=\"image-box.default\">\n\t\t\t\t<div class=\"elementor-widget-container\">\n\t\t\t\t\t<div class=\"elementor-image-box-wrapper\"><figure class=\"elementor-image-box-img\"><img decoding=\"async\" src=\"https:\/\/test.curves.eu\/wp-content\/uploads\/elementor\/thumbs\/Values-icon_Community-of-Caring-Support-pebjxjgfqc4mk7r8d6etsktarpng0k0g8337bfzfmw.png\" title=\"Values icon_Community of Caring Support\" alt=\"Values icon_Community of Caring Support\" loading=\"lazy\" \/><\/figure><div class=\"elementor-image-box-content\"><h4 class=\"elementor-image-box-title\">Gemenskap f\u00f6r st\u00f6d och omsorg<\/h4><p class=\"elementor-image-box-description\">Bryr oss verkligen om v\u00e5rt samh\u00e4lle och vill ge alla m\u00f6jligheten att f\u00f6rb\u00e4ttra sina liv genom att skapa en positiv, s\u00e4ker, st\u00f6djande, uppmuntrande, rolig, icke-d\u00f6mande milj\u00f6, d\u00e4r m\u00e4nniskor kan \u00f6vervinna utmaningar f\u00f6r att uppn\u00e5 sina m\u00e5l.<\/p><\/div><\/div>\t\t\t\t<\/div>\n\t\t\t\t<\/div>\n\t\t\t\t<div class=\"elementor-element elementor-element-330954a elementor-position-left elementor-vertical-align-middle dce_masking-none elementor-widget elementor-widget-image-box\" data-id=\"330954a\" data-element_type=\"widget\" data-widget_type=\"image-box.default\">\n\t\t\t\t<div class=\"elementor-widget-container\">\n\t\t\t\t\t<div class=\"elementor-image-box-wrapper\"><figure class=\"elementor-image-box-img\"><img decoding=\"async\" src=\"https:\/\/test.curves.eu\/wp-content\/uploads\/elementor\/thumbs\/Values-icon_Integrity-pebjxlc440777foi2782xkc7yhe6fy7wwce69zwnag.png\" title=\"Values icon_Integrity\" alt=\"Values icon_Integrity\" loading=\"lazy\" \/><\/figure><div class=\"elementor-image-box-content\"><h4 class=\"elementor-image-box-title\">Integritet<\/h4><p class=\"elementor-image-box-description\">G\u00f6r det r\u00e4tta \u00e4ven n\u00e4r ingen ser p\u00e5. H\u00e5ll \u00e5taganden, vidta \u00e5tg\u00e4rder och ta ansvar f\u00f6r misstag och \u00e5tg\u00e4rda dem. Var \u00f6ppen, \u00e4rlig och agera p\u00e5 ett s\u00e4tt som \u00f6verensst\u00e4mmer med v\u00e5rt uppdrag och v\u00e5ra v\u00e4rderingar.<\/p><\/div><\/div>\t\t\t\t<\/div>\n\t\t\t\t<\/div>\n\t\t\t\t<div class=\"elementor-element elementor-element-8e983e3 elementor-position-left elementor-vertical-align-middle dce_masking-none elementor-widget elementor-widget-image-box\" data-id=\"8e983e3\" data-element_type=\"widget\" data-widget_type=\"image-box.default\">\n\t\t\t\t<div class=\"elementor-widget-container\">\n\t\t\t\t\t<div class=\"elementor-image-box-wrapper\"><figure class=\"elementor-image-box-img\"><img decoding=\"async\" src=\"https:\/\/test.curves.eu\/wp-content\/uploads\/elementor\/thumbs\/Values-icons_Passion-for-Service-pebjxke9x65wvtpv7otgd2krd3it8946k7qospy1go.png\" title=\"Values icons_Passion for Service\" alt=\"Values icons_Passion for Service\" loading=\"lazy\" \/><\/figure><div class=\"elementor-image-box-content\"><h4 class=\"elementor-image-box-title\">Passion f\u00f6r service<\/h4><p class=\"elementor-image-box-description\">Visar konsekvent en passion och engagemang f\u00f6r att hj\u00e4lpa andra att lyckas. G\u00f6r ditt b\u00e4sta f\u00f6r att f\u00f6rst\u00e5 individuella behov och arbeta outtr\u00f6ttligt f\u00f6r att maximera resultaten.<\/p><\/div><\/div>\t\t\t\t<\/div>\n\t\t\t\t<\/div>\n\t\t\t\t<div class=\"elementor-element elementor-element-b2f93eb elementor-position-left elementor-vertical-align-middle dce_masking-none elementor-widget elementor-widget-image-box\" data-id=\"b2f93eb\" data-element_type=\"widget\" data-widget_type=\"image-box.default\">\n\t\t\t\t<div class=\"elementor-widget-container\">\n\t\t\t\t\t<div class=\"elementor-image-box-wrapper\"><figure class=\"elementor-image-box-img\"><img decoding=\"async\" src=\"https:\/\/test.curves.eu\/wp-content\/uploads\/elementor\/thumbs\/Values-icon_Teamwork-pebjxke9x65wvtpv7otgd2krd3it8946k7qospy1go.png\" title=\"Values icon_Teamwork\" alt=\"Values icon_Teamwork\" loading=\"lazy\" \/><\/figure><div class=\"elementor-image-box-content\"><h4 class=\"elementor-image-box-title\">Teamwork<\/h4><p class=\"elementor-image-box-description\">Samverkar f\u00f6r att leverera framg\u00e5ngsrika resultat genom att utveckla professionella samarbetsrelationer.<\/p><\/div><\/div>\t\t\t\t<\/div>\n\t\t\t\t<\/div>\n\t\t\t\t<div class=\"elementor-element elementor-element-809e4c1 elementor-position-left elementor-vertical-align-middle dce_masking-none elementor-widget elementor-widget-image-box\" data-id=\"809e4c1\" data-element_type=\"widget\" data-widget_type=\"image-box.default\">\n\t\t\t\t<div class=\"elementor-widget-container\">\n\t\t\t\t\t<div class=\"elementor-image-box-wrapper\"><figure class=\"elementor-image-box-img\"><img decoding=\"async\" src=\"https:\/\/test.curves.eu\/wp-content\/uploads\/elementor\/thumbs\/Values-icon_Embrace-Change-pebjxm9yau8hj1n4wpmpi23ojv9jnnbn8h1nr9v948.png\" title=\"Values icon_Embrace Change\" alt=\"Values icon_Embrace Change\" loading=\"lazy\" \/><\/figure><div class=\"elementor-image-box-content\"><h4 class=\"elementor-image-box-title\">Omfamna f\u00f6r\u00e4ndring<\/h4><p class=\"elementor-image-box-description\">St\u00e4ndigt hittar b\u00e4ttre s\u00e4tt att g\u00f6ra saker. Snabbt anpassar dig och hittar l\u00f6sningar p\u00e5 f\u00f6r\u00e4ndringar.<\/p><\/div><\/div>\t\t\t\t<\/div>\n\t\t\t\t<\/div>\n\t\t\t\t\t<\/div>\n\t\t<\/div>\n\t\t\t\t\t<\/div>\n\t\t<\/section>\n\t\t\t\t\t<\/div>\n\t\t<\/div>\n\t\t\t\t\t<\/div>\n\t\t<\/section>\n\t\t\t\t<\/div>\n\t\t","protected":false},"excerpt":{"rendered":"","protected":false},"author":1,"featured_media":0,"parent":0,"menu_order":0,"comment_status":"closed","ping_status":"closed","template":"page-templates\/template-pagebuilder-full-width.php","meta":{"neve_meta_sidebar":"full-width","neve_meta_container":"","neve_meta_enable_content_width":"on","neve_meta_content_width":100,"neve_meta_title_alignment":"","neve_meta_author_avatar":"","neve_post_elements_order":"","neve_meta_disable_header":"","neve_meta_disable_footer":"","neve_meta_disable_title":"","neve_meta_reading_time":"","footnotes":""},"class_list":["post-11825","page","type-page","status-publish","hentry"],"acf":[],"yoast_head":"<!-- This site is optimized with the Yoast SEO plugin v24.9 - https:\/\/yoast.com\/wordpress\/plugins\/seo\/ -->\n<title>Om oss - Curves<\/title>\n<meta name=\"robots\" content=\"noindex, follow, max-snippet:-1, max-image-preview:large, max-video-preview:-1\" \/>\n<meta property=\"og:locale\" content=\"sv_SE\" \/>\n<meta property=\"og:type\" content=\"article\" \/>\n<meta property=\"og:title\" content=\"Om oss - Curves\" \/>\n<meta property=\"og:url\" content=\"https:\/\/test.curves.eu\/sv\/om-oss\/\" \/>\n<meta property=\"og:site_name\" content=\"Curves\" \/>\n<meta property=\"og:image\" content=\"https:\/\/test.curves.eu\/wp-content\/uploads\/elementor\/thumbs\/Values-icon_Community-of-Caring-Support-pebjxjgfqc4mk7r8d6etsktarpng0k0g8337bfzfmw.png\" \/>\n<meta name=\"twitter:card\" content=\"summary_large_image\" \/>\n<meta name=\"twitter:label1\" content=\"Ber\u00e4knad l\u00e4stid\" \/>\n\t<meta name=\"twitter:data1\" content=\"1 minut\" \/>\n<script type=\"application\/ld+json\" class=\"yoast-schema-graph\">{\"@context\":\"https:\/\/schema.org\",\"@graph\":[{\"@type\":\"WebPage\",\"@id\":\"https:\/\/test.curves.eu\/sv\/om-oss\/\",\"url\":\"https:\/\/test.curves.eu\/sv\/om-oss\/\",\"name\":\"Om oss - Curves\",\"isPartOf\":{\"@id\":\"https:\/\/test.curves.eu\/sv\/#website\"},\"primaryImageOfPage\":{\"@id\":\"https:\/\/test.curves.eu\/sv\/om-oss\/#primaryimage\"},\"image\":{\"@id\":\"https:\/\/test.curves.eu\/sv\/om-oss\/#primaryimage\"},\"thumbnailUrl\":\"https:\/\/test.curves.eu\/wp-content\/uploads\/elementor\/thumbs\/Values-icon_Community-of-Caring-Support-pebjxjgfqc4mk7r8d6etsktarpng0k0g8337bfzfmw.png\",\"datePublished\":\"2021-10-09T18:28:59+00:00\",\"breadcrumb\":{\"@id\":\"https:\/\/test.curves.eu\/sv\/om-oss\/#breadcrumb\"},\"inLanguage\":\"sv-SE\",\"potentialAction\":[{\"@type\":\"ReadAction\",\"target\":[\"https:\/\/test.curves.eu\/sv\/om-oss\/\"]}]},{\"@type\":\"ImageObject\",\"inLanguage\":\"sv-SE\",\"@id\":\"https:\/\/test.curves.eu\/sv\/om-oss\/#primaryimage\",\"url\":\"https:\/\/test.curves.eu\/wp-content\/uploads\/elementor\/thumbs\/Values-icon_Community-of-Caring-Support-pebjxjgfqc4mk7r8d6etsktarpng0k0g8337bfzfmw.png\",\"contentUrl\":\"https:\/\/test.curves.eu\/wp-content\/uploads\/elementor\/thumbs\/Values-icon_Community-of-Caring-Support-pebjxjgfqc4mk7r8d6etsktarpng0k0g8337bfzfmw.png\"},{\"@type\":\"BreadcrumbList\",\"@id\":\"https:\/\/test.curves.eu\/sv\/om-oss\/#breadcrumb\",\"itemListElement\":[{\"@type\":\"ListItem\",\"position\":1,\"name\":\"Startsida\",\"item\":\"https:\/\/test.curves.eu\/sv\/\"},{\"@type\":\"ListItem\",\"position\":2,\"name\":\"Om oss\"}]},{\"@type\":\"WebSite\",\"@id\":\"https:\/\/test.curves.eu\/sv\/#website\",\"url\":\"https:\/\/test.curves.eu\/sv\/\",\"name\":\"Curves\",\"description\":\"\",\"publisher\":{\"@id\":\"https:\/\/test.curves.eu\/sv\/#organization\"},\"potentialAction\":[{\"@type\":\"SearchAction\",\"target\":{\"@type\":\"EntryPoint\",\"urlTemplate\":\"https:\/\/test.curves.eu\/sv\/?s={search_term_string}\"},\"query-input\":{\"@type\":\"PropertyValueSpecification\",\"valueRequired\":true,\"valueName\":\"search_term_string\"}}],\"inLanguage\":\"sv-SE\"},{\"@type\":\"Organization\",\"@id\":\"https:\/\/test.curves.eu\/sv\/#organization\",\"name\":\"Curves\",\"url\":\"https:\/\/test.curves.eu\/sv\/\",\"logo\":{\"@type\":\"ImageObject\",\"inLanguage\":\"sv-SE\",\"@id\":\"https:\/\/test.curves.eu\/sv\/#\/schema\/logo\/image\/\",\"url\":\"https:\/\/test.curves.eu\/wp-content\/uploads\/2021\/08\/Curves-Logo-fitness-for-women.png\",\"contentUrl\":\"https:\/\/test.curves.eu\/wp-content\/uploads\/2021\/08\/Curves-Logo-fitness-for-women.png\",\"width\":198,\"height\":72,\"caption\":\"Curves\"},\"image\":{\"@id\":\"https:\/\/test.curves.eu\/sv\/#\/schema\/logo\/image\/\"}}]}<\/script>\n<!-- \/ Yoast SEO plugin. -->","yoast_head_json":{"title":"Om oss - Curves","robots":{"index":"noindex","follow":"follow","max-snippet":"max-snippet:-1","max-image-preview":"max-image-preview:large","max-video-preview":"max-video-preview:-1"},"og_locale":"sv_SE","og_type":"article","og_title":"Om oss - Curves","og_url":"https:\/\/test.curves.eu\/sv\/om-oss\/","og_site_name":"Curves","og_image":[{"url":"https:\/\/test.curves.eu\/wp-content\/uploads\/elementor\/thumbs\/Values-icon_Community-of-Caring-Support-pebjxjgfqc4mk7r8d6etsktarpng0k0g8337bfzfmw.png","type":"","width":"","height":""}],"twitter_card":"summary_large_image","twitter_misc":{"Ber\u00e4knad l\u00e4stid":"1 minut"},"schema":{"@context":"https:\/\/schema.org","@graph":[{"@type":"WebPage","@id":"https:\/\/test.curves.eu\/sv\/om-oss\/","url":"https:\/\/test.curves.eu\/sv\/om-oss\/","name":"Om oss - Curves","isPartOf":{"@id":"https:\/\/test.curves.eu\/sv\/#website"},"primaryImageOfPage":{"@id":"https:\/\/test.curves.eu\/sv\/om-oss\/#primaryimage"},"image":{"@id":"https:\/\/test.curves.eu\/sv\/om-oss\/#primaryimage"},"thumbnailUrl":"https:\/\/test.curves.eu\/wp-content\/uploads\/elementor\/thumbs\/Values-icon_Community-of-Caring-Support-pebjxjgfqc4mk7r8d6etsktarpng0k0g8337bfzfmw.png","datePublished":"2021-10-09T18:28:59+00:00","breadcrumb":{"@id":"https:\/\/test.curves.eu\/sv\/om-oss\/#breadcrumb"},"inLanguage":"sv-SE","potentialAction":[{"@type":"ReadAction","target":["https:\/\/test.curves.eu\/sv\/om-oss\/"]}]},{"@type":"ImageObject","inLanguage":"sv-SE","@id":"https:\/\/test.curves.eu\/sv\/om-oss\/#primaryimage","url":"https:\/\/test.curves.eu\/wp-content\/uploads\/elementor\/thumbs\/Values-icon_Community-of-Caring-Support-pebjxjgfqc4mk7r8d6etsktarpng0k0g8337bfzfmw.png","contentUrl":"https:\/\/test.curves.eu\/wp-content\/uploads\/elementor\/thumbs\/Values-icon_Community-of-Caring-Support-pebjxjgfqc4mk7r8d6etsktarpng0k0g8337bfzfmw.png"},{"@type":"BreadcrumbList","@id":"https:\/\/test.curves.eu\/sv\/om-oss\/#breadcrumb","itemListElement":[{"@type":"ListItem","position":1,"name":"Startsida","item":"https:\/\/test.curves.eu\/sv\/"},{"@type":"ListItem","position":2,"name":"Om oss"}]},{"@type":"WebSite","@id":"https:\/\/test.curves.eu\/sv\/#website","url":"https:\/\/test.curves.eu\/sv\/","name":"Curves","description":"","publisher":{"@id":"https:\/\/test.curves.eu\/sv\/#organization"},"potentialAction":[{"@type":"SearchAction","target":{"@type":"EntryPoint","urlTemplate":"https:\/\/test.curves.eu\/sv\/?s={search_term_string}"},"query-input":{"@type":"PropertyValueSpecification","valueRequired":true,"valueName":"search_term_string"}}],"inLanguage":"sv-SE"},{"@type":"Organization","@id":"https:\/\/test.curves.eu\/sv\/#organization","name":"Curves","url":"https:\/\/test.curves.eu\/sv\/","logo":{"@type":"ImageObject","inLanguage":"sv-SE","@id":"https:\/\/test.curves.eu\/sv\/#\/schema\/logo\/image\/","url":"https:\/\/test.curves.eu\/wp-content\/uploads\/2021\/08\/Curves-Logo-fitness-for-women.png","contentUrl":"https:\/\/test.curves.eu\/wp-content\/uploads\/2021\/08\/Curves-Logo-fitness-for-women.png","width":198,"height":72,"caption":"Curves"},"image":{"@id":"https:\/\/test.curves.eu\/sv\/#\/schema\/logo\/image\/"}}]}},"_links":{"self":[{"href":"https:\/\/test.curves.eu\/sv\/wp-json\/wp\/v2\/pages\/11825","targetHints":{"allow":["GET"]}}],"collection":[{"href":"https:\/\/test.curves.eu\/sv\/wp-json\/wp\/v2\/pages"}],"about":[{"href":"https:\/\/test.curves.eu\/sv\/wp-json\/wp\/v2\/types\/page"}],"author":[{"embeddable":true,"href":"https:\/\/test.curves.eu\/sv\/wp-json\/wp\/v2\/users\/1"}],"replies":[{"embeddable":true,"href":"https:\/\/test.curves.eu\/sv\/wp-json\/wp\/v2\/comments?post=11825"}],"version-history":[{"count":1,"href":"https:\/\/test.curves.eu\/sv\/wp-json\/wp\/v2\/pages\/11825\/revisions"}],"predecessor-version":[{"id":11826,"href":"https:\/\/test.curves.eu\/sv\/wp-json\/wp\/v2\/pages\/11825\/revisions\/11826"}],"wp:attachment":[{"href":"https:\/\/test.curves.eu\/sv\/wp-json\/wp\/v2\/media?parent=11825"}],"curies":[{"name":"wp","href":"https:\/\/api.w.org\/{rel}","templated":true}]}}